{"id":1027,"date":"2018-08-31T16:27:05","date_gmt":"2018-08-31T19:27:05","guid":{"rendered":"https:\/\/isp22-sfe.infd.edu.ar\/sitio\/plan-de-estudios-6\/"},"modified":"2021-04-10T07:14:31","modified_gmt":"2021-04-10T10:14:31","slug":"plan-de-estudios-6","status":"publish","type":"page","link":"https:\/\/isp22-sfe.infd.edu.ar\/sitio\/plan-de-estudios-6\/","title":{"rendered":"Plan de estudios"},"content":{"rendered":"<p style=\"text-align: center;\">\n<table class=\"aligncenter\" style=\"width: 548px; height: 1343px;\" border=\"1\" cellspacing=\"0\" cellpadding=\"0\">\n<tbody>\n<tr>\n<td width=\"417\">\n<p style=\"text-align: center;\"><span style=\"font-family: 'arial black', 'avant garde'; color: #000000; font-size: 10pt;\"><strong>Unidad Curricular<\/strong><\/span><\/p>\n<\/td>\n<td width=\"153\">\n<p style=\"text-align: center;\"><span style=\"font-family: 'arial black', 'avant garde'; color: #000000; font-size: 10pt;\"><strong>R\u00e9gimen de cursado<\/strong><\/span><\/p>\n<\/td>\n<\/tr>\n<tr>\n<td colspan=\"2\" width=\"570\">\n<p style=\"text-align: left;\"><span style=\"color: #000000; font-family: 'arial black', 'avant garde'; font-size: 10pt;\"><strong>PRIMER A\u00d1O<\/strong><\/span><\/p>\n<\/td>\n<\/tr>\n<tr>\n<td width=\"417\">\n<ul>\n<li><span style=\"font-family: 'arial black', 'avant garde'; font-size: 10pt;\">Comunicaci\u00f3n (1\u00ba Cuatrimestre)<\/span><\/li>\n<\/ul>\n<\/td>\n<td width=\"153\">\n<p style=\"text-align: center;\"><span style=\"color: #000000; font-family: 'arial black', 'avant garde'; font-size: 10pt;\">\u00a0<\/span><\/p>\n<\/td>\n<\/tr>\n<tr>\n<td width=\"417\">\n<ul>\n<li><span style=\"font-family: 'arial black', 'avant garde'; font-size: 10pt;\">Unidad de Definici\u00f3n Institucional I (2\u00ba Cuatrimestre)<\/span><\/li>\n<\/ul>\n<\/td>\n<td width=\"153\">\n<p style=\"text-align: center;\"><span style=\"color: #000000; font-family: 'arial black', 'avant garde'; font-size: 10pt;\">\u00a0<\/span><\/p>\n<\/td>\n<\/tr>\n<tr>\n<td width=\"417\">\n<ul>\n<li><span style=\"font-family: 'arial black', 'avant garde'; font-size: 10pt;\">F\u00edsica<\/span><\/li>\n<\/ul>\n<\/td>\n<td width=\"153\">\n<p style=\"text-align: center;\"><span style=\"color: #000000; font-family: 'arial black', 'avant garde'; font-size: 10pt;\">\u00a0<\/span><\/p>\n<\/td>\n<\/tr>\n<tr>\n<td width=\"417\">\n<ul>\n<li><span style=\"font-family: 'arial black', 'avant garde'; font-size: 10pt;\">Matem\u00e1tica y Estad\u00edstica<\/span><\/li>\n<\/ul>\n<\/td>\n<td width=\"153\">\n<p style=\"text-align: center;\"><span style=\"color: #000000; font-family: 'arial black', 'avant garde'; font-size: 10pt;\">\u00a0<\/span><\/p>\n<\/td>\n<\/tr>\n<tr>\n<td width=\"417\">\n<ul>\n<li><span style=\"font-family: 'arial black', 'avant garde'; font-size: 10pt;\">Qu\u00edmica<\/span><\/li>\n<\/ul>\n<\/td>\n<td width=\"153\">\n<p style=\"text-align: center;\"><span style=\"color: #000000; font-family: 'arial black', 'avant garde'; font-size: 10pt;\">\u00a0<\/span><\/p>\n<\/td>\n<\/tr>\n<tr>\n<td width=\"417\">\n<ul>\n<li><span style=\"font-family: 'arial black', 'avant garde'; font-size: 10pt;\">Inform\u00e1tica (1\u00ba Cuatrimestre)<\/span><\/li>\n<\/ul>\n<\/td>\n<td width=\"153\">\n<p style=\"text-align: center;\"><span style=\"color: #000000; font-family: 'arial black', 'avant garde'; font-size: 10pt;\">\u00a0<\/span><\/p>\n<\/td>\n<\/tr>\n<tr>\n<td width=\"417\">\n<ul>\n<li><span style=\"font-family: 'arial black', 'avant garde'; font-size: 10pt;\">Sistemas de Representaci\u00f3n (2\u00ba Cuatrimestre)<\/span><\/li>\n<\/ul>\n<\/td>\n<td width=\"153\">\n<p style=\"text-align: center;\"><span style=\"color: #000000; font-family: 'arial black', 'avant garde'; font-size: 10pt;\">\u00a0<\/span><\/p>\n<\/td>\n<\/tr>\n<tr>\n<td width=\"417\">\n<ul>\n<li><span style=\"font-family: 'arial black', 'avant garde'; font-size: 10pt;\">Ingl\u00e9s T\u00e9cnico<\/span><\/li>\n<\/ul>\n<\/td>\n<td width=\"153\">\n<p style=\"text-align: center;\"><span style=\"color: #000000; font-family: 'arial black', 'avant garde'; font-size: 10pt;\">\u00a0<\/span><\/p>\n<\/td>\n<\/tr>\n<tr>\n<td width=\"417\">\n<ul>\n<li><span style=\"font-family: 'arial black', 'avant garde'; font-size: 10pt;\">Pol\u00edtica Energ\u00e9tica<\/span><\/li>\n<\/ul>\n<\/td>\n<td width=\"153\">\n<p style=\"text-align: center;\"><span style=\"color: #000000; font-family: 'arial black', 'avant garde'; font-size: 10pt;\">\u00a0<\/span><\/p>\n<\/td>\n<\/tr>\n<tr>\n<td width=\"417\">\n<ul>\n<li><span style=\"font-family: 'arial black', 'avant garde'; font-size: 10pt;\">Energ\u00eda Solar<\/span><\/li>\n<\/ul>\n<\/td>\n<td width=\"153\">\n<p style=\"text-align: center;\"><span style=\"color: #000000; font-family: 'arial black', 'avant garde'; font-size: 10pt;\">\u00a0<\/span><\/p>\n<\/td>\n<\/tr>\n<tr>\n<td width=\"417\">\n<ul>\n<li><span style=\"font-family: 'arial black', 'avant garde'; font-size: 10pt;\">Electrotecnia e Instrumentos de Medidas<\/span><\/li>\n<\/ul>\n<\/td>\n<td width=\"153\">\n<p style=\"text-align: center;\"><span style=\"color: #000000; font-family: 'arial black', 'avant garde'; font-size: 10pt;\">\u00a0<\/span><\/p>\n<\/td>\n<\/tr>\n<tr>\n<td colspan=\"2\" width=\"570\">\n<p style=\"text-align: center;\"><span style=\"color: #000000; font-family: 'arial black', 'avant garde'; font-size: 10pt;\"><strong>SEGUNDO A\u00d1O<\/strong><\/span><\/p>\n<\/td>\n<\/tr>\n<tr>\n<td width=\"417\">\n<ul>\n<li><span style=\"font-family: 'arial black', 'avant garde'; font-size: 10pt;\">Problem\u00e1ticas Socio Contempor\u00e1neas<\/span><\/li>\n<\/ul>\n<\/td>\n<td width=\"153\">\n<p style=\"text-align: center;\"><span style=\"color: #000000; font-family: 'arial black', 'avant garde'; font-size: 10pt;\">\u00a0<\/span><\/p>\n<\/td>\n<\/tr>\n<tr>\n<td width=\"417\">\n<ul>\n<li><span style=\"font-family: 'arial black', 'avant garde'; font-size: 10pt;\">Unidad de Definici\u00f3n Institucional II<\/span><\/li>\n<\/ul>\n<\/td>\n<td width=\"153\">\n<p style=\"text-align: center;\"><span style=\"color: #000000; font-family: 'arial black', 'avant garde'; font-size: 10pt;\">\u00a0<\/span><\/p>\n<\/td>\n<\/tr>\n<tr>\n<td width=\"417\">\n<ul>\n<li><span style=\"font-family: 'arial black', 'avant garde'; font-size: 10pt;\">Innovaci\u00f3n y Desarrollo Emprendedor<\/span><\/li>\n<\/ul>\n<\/td>\n<td width=\"153\">\n<p style=\"text-align: center;\"><span style=\"color: #000000; font-family: 'arial black', 'avant garde'; font-size: 10pt;\">\u00a0<\/span><\/p>\n<\/td>\n<\/tr>\n<tr>\n<td width=\"417\">\n<ul>\n<li><span style=\"font-family: 'arial black', 'avant garde'; font-size: 10pt;\">Instalaciones El\u00e9ctricas Eficientes<\/span><\/li>\n<\/ul>\n<\/td>\n<td width=\"153\">\n<p style=\"text-align: center;\"><span style=\"color: #000000; font-family: 'arial black', 'avant garde'; font-size: 10pt;\">\u00a0<\/span><\/p>\n<\/td>\n<\/tr>\n<tr>\n<td width=\"417\">\n<ul>\n<li><span style=\"font-family: 'arial black', 'avant garde'; font-size: 10pt;\">Energ\u00eda de Biomasa<\/span><\/li>\n<\/ul>\n<\/td>\n<td width=\"153\">\n<p style=\"text-align: center;\"><span style=\"color: #000000; font-family: 'arial black', 'avant garde'; font-size: 10pt;\">\u00a0<\/span><\/p>\n<\/td>\n<\/tr>\n<tr>\n<td width=\"417\">\n<ul>\n<li><span style=\"font-family: 'arial black', 'avant garde'; font-size: 10pt;\">Gesti\u00f3n de la Energ\u00eda<\/span><\/li>\n<\/ul>\n<\/td>\n<td width=\"153\">\n<p style=\"text-align: center;\"><span style=\"color: #000000; font-family: 'arial black', 'avant garde'; font-size: 10pt;\">\u00a0<\/span><\/p>\n<\/td>\n<\/tr>\n<tr>\n<td width=\"417\">\n<ul>\n<li><span style=\"font-family: 'arial black', 'avant garde'; font-size: 10pt;\">Instalaciones T\u00e9rmicas Eficientes<\/span><\/li>\n<\/ul>\n<\/td>\n<td width=\"153\">\n<p style=\"text-align: center;\"><span style=\"color: #000000; font-family: 'arial black', 'avant garde'; font-size: 10pt;\">\u00a0<\/span><\/p>\n<\/td>\n<\/tr>\n<tr>\n<td width=\"417\">\n<ul>\n<li><span style=\"font-family: 'arial black', 'avant garde'; font-size: 10pt;\">Inm\u00f3tica<\/span><\/li>\n<\/ul>\n<\/td>\n<td width=\"153\">\n<p style=\"text-align: center;\"><span style=\"color: #000000; font-family: 'arial black', 'avant garde'; font-size: 10pt;\">\u00a0<\/span><\/p>\n<\/td>\n<\/tr>\n<tr>\n<td width=\"417\">\n<ul>\n<li><span style=\"font-family: 'arial black', 'avant garde'; font-size: 10pt;\">Pr\u00e1ctica Profesionalizante I<\/span><\/li>\n<\/ul>\n<\/td>\n<td width=\"153\">\n<p style=\"text-align: center;\"><span style=\"color: #000000; font-family: 'arial black', 'avant garde'; font-size: 10pt;\">\u00a0<\/span><\/p>\n<\/td>\n<\/tr>\n<tr>\n<td colspan=\"2\" width=\"570\">\n<p style=\"text-align: center;\"><span style=\"color: #000000; font-family: 'arial black', 'avant garde'; font-size: 10pt;\"><strong>TERCER A\u00d1O<\/strong><\/span><\/p>\n<\/td>\n<\/tr>\n<tr>\n<td width=\"417\">\n<ul>\n<li><span style=\"font-family: 'arial black', 'avant garde'; font-size: 10pt;\">Gesti\u00f3n de Seguridad, Salud Ocupacional y Medio Ambiente<\/span><\/li>\n<\/ul>\n<\/td>\n<td width=\"153\">\n<p style=\"text-align: center;\"><span style=\"color: #000000; font-family: 'arial black', 'avant garde'; font-size: 10pt;\">\u00a0<\/span><\/p>\n<\/td>\n<\/tr>\n<tr>\n<td width=\"417\">\n<ul>\n<li><span style=\"font-family: 'arial black', 'avant garde'; font-size: 10pt;\">\u00c9tica y Responsabilidad Social<\/span><\/li>\n<\/ul>\n<\/td>\n<td width=\"153\">\n<p style=\"text-align: center;\"><span style=\"color: #000000; font-family: 'arial black', 'avant garde'; font-size: 10pt;\">\u00a0<\/span><\/p>\n<\/td>\n<\/tr>\n<tr>\n<td width=\"417\">\n<ul>\n<li><span style=\"font-family: 'arial black', 'avant garde'; font-size: 10pt;\">Legislaci\u00f3n Laboral<\/span><\/li>\n<\/ul>\n<\/td>\n<td width=\"153\">\n<p style=\"text-align: center;\"><span style=\"color: #000000; font-family: 'arial black', 'avant garde'; font-size: 10pt;\">\u00a0<\/span><\/p>\n<\/td>\n<\/tr>\n<tr>\n<td width=\"417\">\n<ul>\n<li><span style=\"font-family: 'arial black', 'avant garde'; font-size: 10pt;\">Arquitectura Bioclim\u00e1tica<\/span><\/li>\n<\/ul>\n<\/td>\n<td width=\"153\">\n<p style=\"text-align: center;\"><span style=\"color: #000000; font-family: 'arial black', 'avant garde'; font-size: 10pt;\">\u00a0<\/span><\/p>\n<\/td>\n<\/tr>\n<tr>\n<td width=\"417\">\n<ul>\n<li><span style=\"font-family: 'arial black', 'avant garde'; font-size: 10pt;\">Gesti\u00f3n de la Operaci\u00f3n de Centrales de Energ\u00edas Renovables<\/span><\/li>\n<\/ul>\n<\/td>\n<td width=\"153\">\n<p style=\"text-align: center;\">\n<\/td>\n<\/tr>\n<tr>\n<td width=\"417\">\n<ul>\n<li><span style=\"font-family: 'arial black', 'avant garde'; font-size: 10pt;\">Energ\u00eda Mini Hidra\u00falica<\/span><\/li>\n<\/ul>\n<\/td>\n<td width=\"153\">\n<p style=\"text-align: center;\"><span style=\"color: #000000; font-family: 'arial black', 'avant garde'; font-size: 10pt;\">\u00a0<\/span><\/p>\n<\/td>\n<\/tr>\n<tr>\n<td width=\"417\">\n<ul>\n<li><span style=\"font-family: 'arial black', 'avant garde'; font-size: 10pt;\">Evaluci\u00f3n y Gesti\u00f3n de Proyectos de Inversi\u00f3n<\/span><\/li>\n<\/ul>\n<\/td>\n<td width=\"153\">\n<p style=\"text-align: center;\"><span style=\"color: #000000; font-family: 'arial black', 'avant garde'; font-size: 10pt;\">\u00a0<\/span><\/p>\n<\/td>\n<\/tr>\n<tr>\n<td width=\"417\">\n<ul>\n<li><span style=\"font-family: 'arial black', 'avant garde'; font-size: 10pt;\">Energ\u00eda E\u00f3lica<\/span><\/li>\n<\/ul>\n<\/td>\n<td width=\"153\">\n<p style=\"text-align: center;\"><span style=\"color: #000000; font-family: 'arial black', 'avant garde'; font-size: 10pt;\">\u00a0<\/span><\/p>\n<\/td>\n<\/tr>\n<tr>\n<td width=\"417\">\n<ul>\n<li><span style=\"font-family: 'arial black', 'avant garde'; font-size: 10pt;\">Mercados Energ\u00e9ticos y Redes Inteligentes<\/span><\/li>\n<\/ul>\n<\/td>\n<td width=\"153\">\n<p style=\"text-align: center;\"><span style=\"color: #000000; font-family: 'arial black', 'avant garde'; font-size: 10pt;\">\u00a0<\/span><\/p>\n<\/td>\n<\/tr>\n<tr>\n<td width=\"417\">\n<ul>\n<li><span style=\"font-family: 'arial black', 'avant garde'; font-size: 10pt;\">Pr\u00e1ctica Profesionalizante II<\/span><\/li>\n<\/ul>\n<\/td>\n<td width=\"153\">\n<p style=\"text-align: center;\"><span style=\"color: #000000; font-family: 'arial black', 'avant garde'; font-size: 10pt;\">\u00a0<\/span><\/p>\n<\/td>\n<\/tr>\n<\/tbody>\n<\/table>\n","protected":false},"excerpt":{"rendered":"<p>Unidad Curricular R\u00e9gimen de cursado PRIMER A\u00d1O Comunicaci\u00f3n (1\u00ba Cuatrimestre) \u00a0 Unidad de Definici\u00f3n Institucional I (2\u00ba Cuatrimestre) \u00a0 F\u00edsica \u00a0 Matem\u00e1tica y Estad\u00edstica \u00a0 Qu\u00edmica \u00a0 Inform\u00e1tica (1\u00ba Cuatrimestre) \u00a0 Sistemas de Representaci\u00f3n (2\u00ba Cuatrimestre) \u00a0 Ingl\u00e9s T\u00e9cnico \u00a0 Pol\u00edtica Energ\u00e9tica \u00a0 Energ\u00eda Solar \u00a0 Electrotecnia e Instrumentos de Medidas \u00a0 SEGUNDO A\u00d1O Problem\u00e1ticas &#8230; <a title=\"Plan de estudios\" class=\"read-more\" href=\"https:\/\/isp22-sfe.infd.edu.ar\/sitio\/plan-de-estudios-6\/\" aria-label=\"More on Plan de estudios\">[+]<\/a><\/p>\n","protected":false},"author":100,"featured_media":0,"parent":0,"menu_order":0,"comment_status":"closed","ping_status":"closed","template":"","meta":[],"acf":[],"_links":{"self":[{"href":"https:\/\/isp22-sfe.infd.edu.ar\/sitio\/wp-json\/wp\/v2\/pages\/1027"}],"collection":[{"href":"https:\/\/isp22-sfe.infd.edu.ar\/sitio\/wp-json\/wp\/v2\/pages"}],"about":[{"href":"https:\/\/isp22-sfe.infd.edu.ar\/sitio\/wp-json\/wp\/v2\/types\/page"}],"author":[{"embeddable":true,"href":"https:\/\/isp22-sfe.infd.edu.ar\/sitio\/wp-json\/wp\/v2\/users\/100"}],"replies":[{"embeddable":true,"href":"https:\/\/isp22-sfe.infd.edu.ar\/sitio\/wp-json\/wp\/v2\/comments?post=1027"}],"version-history":[{"count":4,"href":"https:\/\/isp22-sfe.infd.edu.ar\/sitio\/wp-json\/wp\/v2\/pages\/1027\/revisions"}],"predecessor-version":[{"id":1782,"href":"https:\/\/isp22-sfe.infd.edu.ar\/sitio\/wp-json\/wp\/v2\/pages\/1027\/revisions\/1782"}],"wp:attachment":[{"href":"https:\/\/isp22-sfe.infd.edu.ar\/sitio\/wp-json\/wp\/v2\/media?parent=1027"}],"curies":[{"name":"wp","href":"https:\/\/api.w.org\/{rel}","templated":true}]}}