{"id":1054,"date":"2018-08-31T16:27:16","date_gmt":"2018-08-31T19:27:16","guid":{"rendered":"https:\/\/isp22-sfe.infd.edu.ar\/sitio\/becas-2018\/"},"modified":"2022-03-09T17:18:29","modified_gmt":"2022-03-09T20:18:29","slug":"becas-2018","status":"publish","type":"page","link":"https:\/\/isp22-sfe.infd.edu.ar\/sitio\/becas-2018\/","title":{"rendered":"Becas 2021"},"content":{"rendered":"<pre style=\"text-align: center;\"><span style=\"font-size: 14pt; font-family: 'arial black', 'avant garde'; color: #0000ff;\"><span style=\"text-decoration: underline;\">Becas - Progresar A\u00f1o 2021<\/span><\/span><\/pre>\n<p><iframe loading=\"lazy\" title=\"Becas Progresar\" width=\"1200\" height=\"675\" src=\"https:\/\/www.youtube.com\/embed\/qbcqIKbey5o?feature=oembed\" frameborder=\"0\" allow=\"accelerometer; autoplay; clipboard-write; encrypted-media; gyroscope; picture-in-picture\" allowfullscreen><\/iframe><\/p>\n<p><strong>Enlace de inscripci\u00f3n:\u00a0\u00a0<a href=\"https:\/\/becasprogresar.educacion.gob.ar\/\" target=\"_blank\" rel=\"noopener\">https:\/\/becasprogresar.educacion.gob.ar\/<\/a><\/strong><\/p>\n<p><b>Requisitos:<\/b><\/p>\n<ol>\n<li><strong>Ser argentina\/o nativa\/o; naturalizada\/o o extranjera\/o, con residencia legal de cinco (5) a\u00f1os en el pa\u00eds y contar con DNI.<\/strong><\/li>\n<li><strong>Ser alumna\/o regular de una instituci\u00f3n educativa.<\/strong><\/li>\n<li>Tener <strong>entre 18 y 24 a\u00f1os<\/strong> de edad cumplidos.<\/li>\n<li><strong>Estudiantes avanzadas\/os<\/strong> en la carrera, <strong>hasta treinta (30) a\u00f1os<\/strong> cumplidos.<\/li>\n<li>Estudiantes de enfermer\u00eda sin l\u00edmite de edad.<\/li>\n<li>Se extiende <strong>hasta 35 a\u00f1os de edad a las personas con hijas\/os a cargo menores de 18 a\u00f1os pertenecientes a hogares monoparentales.<\/strong><\/li>\n<li><strong>Sin l\u00edmite de edad para personas trans, de pueblos ind\u00edgenas, con discapacidad o refugiadas.<\/strong><\/li>\n<li><strong>Los ingresos de la\/el joven y los de su grupo familiar no deber\u00e1n ser superiores a tres (3) Salarios M\u00ednimos, Vitales y M\u00f3viles (SMVM).<\/strong><\/li>\n<\/ol>\n<p><strong>\u00bfC\u00f3mo inscribirse?<\/strong><\/p>\n<ul>\n<li>Seleccionar la opci\u00f3n \u00abInscripci\u00f3n Progresar &#8211; Nivel Superior\u00bb<\/li>\n<li>La inscripci\u00f3n se extendi\u00f3 hasta el\u00a0 30 de Abril del 2021.<\/li>\n<li><strong>Los estudiantes que ya ten\u00edan la beca <\/strong>(y cumplen con los requisitos)<strong> deben volver a inscribirse.<\/strong><\/li>\n<li>Dicha inscripci\u00f3n consta de 3 pasos (que tiene car\u00e1cter de declaraci\u00f3n jurada):\n<ul>\n<li>Datos personales<\/li>\n<li>Encuesta<\/li>\n<li>Datos acad\u00e9micos.<\/li>\n<\/ul>\n<\/li>\n<li>Se sugiere\n<ul>\n<li>Descargar comprobante de inscripci\u00f3n.<\/li>\n<li>Elegir correctamente la carrera en la que se inscribi\u00f3 en el ISP 22.<\/li>\n<li>Cargar exactamente la cantidad de materias aprobadas en cada a\u00f1o y fundamentalmente la de a\u00f1o 2020.<\/li>\n<li>Los ingresantes 2021 deben cagar 0 (cero) en cantidad de materias.<\/li>\n<\/ul>\n<\/li>\n<\/ul>\n<p><iframe loading=\"lazy\" title=\"Instructivo progresar\" width=\"1200\" height=\"675\" src=\"https:\/\/www.youtube.com\/embed\/GfhTfa5JSWs?feature=oembed\" frameborder=\"0\" allow=\"accelerometer; autoplay; clipboard-write; encrypted-media; gyroscope; picture-in-picture\" allowfullscreen><\/iframe><\/p>\n<p><b>Cuestiones \u00abmuy importantes\u00bb a tener en cuenta:<\/b><\/p>\n<ol>\n<li>Usar correo personal (es donde se comunica todo tipo de cuestiones referidas a dicha beca).<\/li>\n<li>Los\/as estudiantes que tengan en la plataforma de la beca cualquier mensaje deben contestar.<\/li>\n<li>Habr\u00e1 un tiempo de reclamo ratificando o rectificando la informaci\u00f3n de la inscripci\u00f3n. <strong>Es muy importante que el\/la estudiante \u00abfinalice el reclamo\u00bb.<\/strong><\/li>\n<\/ol>\n","protected":false},"excerpt":{"rendered":"<p>Becas &#8211; Progresar A\u00f1o 2021 Enlace de inscripci\u00f3n:\u00a0\u00a0https:\/\/becasprogresar.educacion.gob.ar\/ Requisitos: Ser argentina\/o nativa\/o; naturalizada\/o o extranjera\/o, con residencia legal de cinco (5) a\u00f1os en el pa\u00eds y contar con DNI. Ser alumna\/o regular de una instituci\u00f3n educativa. Tener entre 18 y 24 a\u00f1os de edad cumplidos. Estudiantes avanzadas\/os en la carrera, hasta treinta (30) a\u00f1os cumplidos. &#8230; <a title=\"Becas 2021\" class=\"read-more\" href=\"https:\/\/isp22-sfe.infd.edu.ar\/sitio\/becas-2018\/\" aria-label=\"More on Becas 2021\">[+]<\/a><\/p>\n","protected":false},"author":100,"featured_media":0,"parent":0,"menu_order":0,"comment_status":"closed","ping_status":"closed","template":"","meta":[],"acf":[],"_links":{"self":[{"href":"https:\/\/isp22-sfe.infd.edu.ar\/sitio\/wp-json\/wp\/v2\/pages\/1054"}],"collection":[{"href":"https:\/\/isp22-sfe.infd.edu.ar\/sitio\/wp-json\/wp\/v2\/pages"}],"about":[{"href":"https:\/\/isp22-sfe.infd.edu.ar\/sitio\/wp-json\/wp\/v2\/types\/page"}],"author":[{"embeddable":true,"href":"https:\/\/isp22-sfe.infd.edu.ar\/sitio\/wp-json\/wp\/v2\/users\/100"}],"replies":[{"embeddable":true,"href":"https:\/\/isp22-sfe.infd.edu.ar\/sitio\/wp-json\/wp\/v2\/comments?post=1054"}],"version-history":[{"count":17,"href":"https:\/\/isp22-sfe.infd.edu.ar\/sitio\/wp-json\/wp\/v2\/pages\/1054\/revisions"}],"predecessor-version":[{"id":1859,"href":"https:\/\/isp22-sfe.infd.edu.ar\/sitio\/wp-json\/wp\/v2\/pages\/1054\/revisions\/1859"}],"wp:attachment":[{"href":"https:\/\/isp22-sfe.infd.edu.ar\/sitio\/wp-json\/wp\/v2\/media?parent=1054"}],"curies":[{"name":"wp","href":"https:\/\/api.w.org\/{rel}","templated":true}]}}