{"id":1061,"date":"2018-08-31T16:27:19","date_gmt":"2018-08-31T19:27:19","guid":{"rendered":"https:\/\/isp22-sfe.infd.edu.ar\/sitio\/plan-de-estudio-3\/"},"modified":"2020-02-28T21:10:33","modified_gmt":"2020-02-29T00:10:33","slug":"plan-de-estudio-3","status":"publish","type":"page","link":"https:\/\/isp22-sfe.infd.edu.ar\/sitio\/plan-de-estudio-3\/","title":{"rendered":"Plan de Estudio"},"content":{"rendered":"<p><strong>Profesorado de Educaci\u00f3n Secundaria en Historia<\/strong><\/p>\n<p><strong>PRIMER A\u00d1O<\/strong><\/p>\n<p><strong>\u2022\u00a0Espacio y Sociedad<\/strong><\/p>\n<p><strong>\u00a0<\/strong><strong>\u00a0\u2022 Pedagog\u00eda<\/strong><\/p>\n<p><strong>\u00a0\u2022 Psicolog\u00eda y Educaci\u00f3n<\/strong><\/p>\n<p><strong>\u00a0\u2022 UCCV: Problem\u00e1ticas de Antropolog\u00eda y Sociolog\u00eda<\/strong><\/p>\n<p><strong>\u00a0<\/strong><strong>\u00a0\u2022 Historia de Europa I<\/strong><\/p>\n<p><strong>\u00a0<\/strong><strong>\u00a0\u2022 Pr\u00e1ctica docente I: Escenarios Educativos<\/strong><\/p>\n<p><strong>\u00a0<\/strong><strong>\u00a0\u2022 Introducci\u00f3n al Conocimiento Hist\u00f3rico<\/strong><\/p>\n<p><strong>\u00a0\u2022 Paleohistoria e Historia de Asia y \u00c1frica<\/strong><\/p>\n<p><strong>\u00a0<\/strong><strong>\u00a0\u2022 UCO<\/strong><\/p>\n<p><strong>\u00a0<\/strong><strong>SEGUNDO A\u00d1O<\/strong><\/p>\n<p><strong>\u00a0\u2022 Did\u00e1ctica y Curriculum<\/strong><\/p>\n<p><strong>\u00a0<\/strong><strong>\u00a0\u2022 Filosof\u00eda\u00a0<\/strong><\/p>\n<p><strong>\u00a0<\/strong><strong>\u00a0\u2022\u00a0<\/strong><strong>Instituciones Educativas<\/strong><strong>\u00a0<\/strong><\/p>\n<p><strong>\u00a0<\/strong><strong>\u00a0\u2022 Problem\u00e1ticas de la Ciencia y Pol\u00edtica y la Econom\u00eda<\/strong><\/p>\n<p><strong>\u00a0<\/strong><strong>\u00a0\u2022<\/strong><strong>\u00a0Historia Americana\u00a0<\/strong><strong>I<\/strong><\/p>\n<p><strong>\u00a0<\/strong><strong>\u00a0\u2022 Historia Argentina I<\/strong><\/p>\n<p><strong>\u00a0<\/strong><strong>\u00a0\u2022 Historia de Europa II<\/strong><\/p>\n<p><strong>\u00a0<\/strong><strong>\u00a0<\/strong><strong>\u00a0\u2022 Sujetos de la Educaci\u00f3n Secundaria<\/strong><\/p>\n<p><strong>\u00a0<\/strong><strong>\u00a0\u2022 Pr\u00e1ctica Docente II: La Instituci\u00f3n Escolar<\/strong><\/p>\n<p><strong>\u00a0<\/strong><strong>TERCER A\u00d1O<\/strong><\/p>\n<p><strong>\u00a0\u2022 UCCV: Problemas de la Construcci\u00f3n de la Ciudadan\u00eda en la Argentina<\/strong><\/p>\n<p><strong>\u00a0<\/strong><strong>\u00a0\u2022 Did\u00e1ctica de la Historia I<\/strong><\/p>\n<p><strong>\u00a0<\/strong><strong>\u00a0\u2022 Histo<\/strong><strong>ria American<\/strong><strong>a II<\/strong><\/p>\n<p><strong>\u00a0<\/strong><strong>\u00a0\u2022 Historia Argentina II<\/strong><\/p>\n<p><strong>\u00a0<\/strong><strong>\u00a0\u2022 Historia Contempor\u00e1nea de Asia y \u00c1frica<\/strong><\/p>\n<p><strong>\u00a0<\/strong><strong>\u00a0\u2022 Historia de Europa III<\/strong><\/p>\n<p><strong>\u00a0<\/strong><strong>\u00a0\u2022 Metodolog\u00eda de la Investigaci\u00f3n Hist\u00f3rica<\/strong><\/p>\n<p><strong>\u00a0<\/strong><strong>\u00a0\u2022 Pr\u00e1ctica Docente III: La Clase, los Procesos del Aprender y del Ense\u00f1ar<\/strong><\/p>\n<p><strong>\u00a0<\/strong><strong>\u00a0\u2022 Unidad de Definici\u00f3n Institucional<\/strong><\/p>\n<p><strong>CUARTO A\u00d1O<\/strong><\/p>\n<p><strong>\u00a0<\/strong><strong>\u00a0\u2022 Educaci\u00f3n Sexual Integral<\/strong><\/p>\n<p><strong>\u00a0<\/strong><strong>\u00a0\u2022 \u00c9tica y Trabajo Docente<\/strong><\/p>\n<p><strong>\u00a0<\/strong><strong>\u00a0\u2022 Did\u00e1ctica de la Historia II<\/strong><\/p>\n<p><strong>\u00a0<\/strong><strong>\u00a0\u2022 Historia Americana III<\/strong><\/p>\n<p><strong>\u00a0\u00a0\u00a0\u2022 Historia Argentina III<\/strong><\/p>\n<p><strong>\u00a0<\/strong><strong>\u00a0\u2022 Historia de Europa IV<\/strong><\/p>\n<p><strong>\u00a0<\/strong><strong>\u00a0\u2022 Seminario de Investigaci\u00f3n Hist\u00f3rica<\/strong><\/p>\n<p><strong>\u00a0<\/strong><strong>\u00a0\u2022 Teor\u00eda e Historia de la Historiograf\u00eda<\/strong><\/p>\n<p><strong>\u00a0<\/strong><strong>\u00a0\u2022 Pr\u00e1ctica Docente IV: Residencia: El Rol Docente y su Pr\u00e1ctica<\/strong><\/p>\n","protected":false},"excerpt":{"rendered":"<p>Profesorado de Educaci\u00f3n Secundaria en Historia PRIMER A\u00d1O \u2022\u00a0Espacio y Sociedad \u00a0\u00a0\u2022 Pedagog\u00eda \u00a0\u2022 Psicolog\u00eda y Educaci\u00f3n \u00a0\u2022 UCCV: Problem\u00e1ticas de Antropolog\u00eda y Sociolog\u00eda \u00a0\u00a0\u2022 Historia de Europa I \u00a0\u00a0\u2022 Pr\u00e1ctica docente I: Escenarios Educativos \u00a0\u00a0\u2022 Introducci\u00f3n al Conocimiento Hist\u00f3rico \u00a0\u2022 Paleohistoria e Historia de Asia y \u00c1frica \u00a0\u00a0\u2022 UCO \u00a0SEGUNDO A\u00d1O \u00a0\u2022 Did\u00e1ctica y &#8230; <a title=\"Plan de Estudio\" class=\"read-more\" href=\"https:\/\/isp22-sfe.infd.edu.ar\/sitio\/plan-de-estudio-3\/\" aria-label=\"More on Plan de Estudio\">[+]<\/a><\/p>\n","protected":false},"author":100,"featured_media":0,"parent":0,"menu_order":0,"comment_status":"closed","ping_status":"closed","template":"","meta":[],"acf":[],"_links":{"self":[{"href":"https:\/\/isp22-sfe.infd.edu.ar\/sitio\/wp-json\/wp\/v2\/pages\/1061"}],"collection":[{"href":"https:\/\/isp22-sfe.infd.edu.ar\/sitio\/wp-json\/wp\/v2\/pages"}],"about":[{"href":"https:\/\/isp22-sfe.infd.edu.ar\/sitio\/wp-json\/wp\/v2\/types\/page"}],"author":[{"embeddable":true,"href":"https:\/\/isp22-sfe.infd.edu.ar\/sitio\/wp-json\/wp\/v2\/users\/100"}],"replies":[{"embeddable":true,"href":"https:\/\/isp22-sfe.infd.edu.ar\/sitio\/wp-json\/wp\/v2\/comments?post=1061"}],"version-history":[{"count":5,"href":"https:\/\/isp22-sfe.infd.edu.ar\/sitio\/wp-json\/wp\/v2\/pages\/1061\/revisions"}],"predecessor-version":[{"id":1456,"href":"https:\/\/isp22-sfe.infd.edu.ar\/sitio\/wp-json\/wp\/v2\/pages\/1061\/revisions\/1456"}],"wp:attachment":[{"href":"https:\/\/isp22-sfe.infd.edu.ar\/sitio\/wp-json\/wp\/v2\/media?parent=1061"}],"curies":[{"name":"wp","href":"https:\/\/api.w.org\/{rel}","templated":true}]}}