{"id":1076,"date":"2018-08-31T16:27:27","date_gmt":"2018-08-31T19:27:27","guid":{"rendered":"https:\/\/isp22-sfe.infd.edu.ar\/sitio\/diseno-curricular-2\/"},"modified":"2020-03-03T10:33:13","modified_gmt":"2020-03-03T13:33:13","slug":"diseno-curricular-2","status":"publish","type":"page","link":"https:\/\/isp22-sfe.infd.edu.ar\/sitio\/diseno-curricular-2\/","title":{"rendered":"Dise\u00f1o Curricular"},"content":{"rendered":"<p style=\"text-align: center;\"><strong>DESCARGA:<\/strong> <a href=\"https:\/\/isp22-sfe.infd.edu.ar\/sitio\/wp-content\/uploads\/2020\/03\/Dise\u00f1o-Matematica-2016_RM_2090-_15_ANEXO_VII_Matematica-1-1.pdf\">Dise\u00f1o Curricular Profesorado de Educaci\u00f3n Secundaria en Matem\u00e1tica &#8211; RM 2090\/2015<\/a><\/p>\n<p style=\"text-align: center;\"><span style=\"text-decoration: underline;\"><span style=\"color: #800080; text-decoration: underline;\"><strong>Dise\u00f1o Curricular Profesorado de Educaci\u00f3n Secundaria en Matem\u00e1tica\u00a0<\/strong><\/span><\/span><span style=\"text-decoration: underline;\"><span style=\"color: #800080; text-decoration: underline;\"><strong>RM 2090\/2015<\/strong><\/span><\/span><\/p>\n<p style=\"text-align: center;\"><iframe style=\"width: 400px; height: 300px;\" src=\"\/\/e.issuu.com\/embed.html#33163417\/60200749\" frameborder=\"0\" allowfullscreen=\"allowfullscreen\"><\/iframe><\/p>\n","protected":false},"excerpt":{"rendered":"<p>DESCARGA: Dise\u00f1o Curricular Profesorado de Educaci\u00f3n Secundaria en Matem\u00e1tica &#8211; RM 2090\/2015 Dise\u00f1o Curricular Profesorado de Educaci\u00f3n Secundaria en Matem\u00e1tica\u00a0RM 2090\/2015<\/p>\n","protected":false},"author":100,"featured_media":0,"parent":0,"menu_order":0,"comment_status":"closed","ping_status":"closed","template":"","meta":[],"acf":[],"_links":{"self":[{"href":"https:\/\/isp22-sfe.infd.edu.ar\/sitio\/wp-json\/wp\/v2\/pages\/1076"}],"collection":[{"href":"https:\/\/isp22-sfe.infd.edu.ar\/sitio\/wp-json\/wp\/v2\/pages"}],"about":[{"href":"https:\/\/isp22-sfe.infd.edu.ar\/sitio\/wp-json\/wp\/v2\/types\/page"}],"author":[{"embeddable":true,"href":"https:\/\/isp22-sfe.infd.edu.ar\/sitio\/wp-json\/wp\/v2\/users\/100"}],"replies":[{"embeddable":true,"href":"https:\/\/isp22-sfe.infd.edu.ar\/sitio\/wp-json\/wp\/v2\/comments?post=1076"}],"version-history":[{"count":2,"href":"https:\/\/isp22-sfe.infd.edu.ar\/sitio\/wp-json\/wp\/v2\/pages\/1076\/revisions"}],"predecessor-version":[{"id":1482,"href":"https:\/\/isp22-sfe.infd.edu.ar\/sitio\/wp-json\/wp\/v2\/pages\/1076\/revisions\/1482"}],"wp:attachment":[{"href":"https:\/\/isp22-sfe.infd.edu.ar\/sitio\/wp-json\/wp\/v2\/media?parent=1076"}],"curies":[{"name":"wp","href":"https:\/\/api.w.org\/{rel}","templated":true}]}}