{"id":1078,"date":"2018-08-31T16:27:28","date_gmt":"2018-08-31T19:27:28","guid":{"rendered":"https:\/\/isp22-sfe.infd.edu.ar\/sitio\/diseno-curricular-3\/"},"modified":"2020-03-03T10:29:37","modified_gmt":"2020-03-03T13:29:37","slug":"diseno-curricular-3","status":"publish","type":"page","link":"https:\/\/isp22-sfe.infd.edu.ar\/sitio\/diseno-curricular-3\/","title":{"rendered":"Dise\u00f1o Curricular"},"content":{"rendered":"<p style=\"text-align: center;\"><strong>DESCARGA:<\/strong> <a href=\"https:\/\/isp22-sfe.infd.edu.ar\/sitio\/wp-content\/uploads\/2020\/03\/Dise\u00f1o-Energias-Renovables-disenio.pdf\">Dise\u00f1o Curricular Tecnicatura Superior en Gesti\u00f3n de Energ\u00edas Renovables, Uso Racional y Eficiencia Energ\u00e9tica &#8211; RM 1631\/2015<\/a><\/p>\n<p style=\"text-align: center;\"><span style=\"text-decoration: underline;\"><span style=\"color: #800080; text-decoration: underline;\"><strong>Dise\u00f1o Curricular Tecnicatura Superior en Energ\u00edas Renovables<\/strong><\/span><\/span><\/p>\n<p style=\"text-align: center;\"><span style=\"text-decoration: underline;\"><span style=\"color: #800080; text-decoration: underline;\"><strong>RM 1631\/2015<\/strong><\/span><\/span><\/p>\n<p style=\"text-align: center;\">\u00a0<iframe style=\"width: 525px; height: 371px;\" src=\"\/\/e.issuu.com\/embed.html#33163417\/60101430\" frameborder=\"0\" allowfullscreen=\"allowfullscreen\"><\/iframe><\/p>\n","protected":false},"excerpt":{"rendered":"<p>DESCARGA: Dise\u00f1o Curricular Tecnicatura Superior en Gesti\u00f3n de Energ\u00edas Renovables, Uso Racional y Eficiencia Energ\u00e9tica &#8211; RM 1631\/2015 Dise\u00f1o Curricular Tecnicatura Superior en Energ\u00edas Renovables RM 1631\/2015 \u00a0<\/p>\n","protected":false},"author":100,"featured_media":0,"parent":0,"menu_order":0,"comment_status":"closed","ping_status":"closed","template":"","meta":[],"acf":[],"_links":{"self":[{"href":"https:\/\/isp22-sfe.infd.edu.ar\/sitio\/wp-json\/wp\/v2\/pages\/1078"}],"collection":[{"href":"https:\/\/isp22-sfe.infd.edu.ar\/sitio\/wp-json\/wp\/v2\/pages"}],"about":[{"href":"https:\/\/isp22-sfe.infd.edu.ar\/sitio\/wp-json\/wp\/v2\/types\/page"}],"author":[{"embeddable":true,"href":"https:\/\/isp22-sfe.infd.edu.ar\/sitio\/wp-json\/wp\/v2\/users\/100"}],"replies":[{"embeddable":true,"href":"https:\/\/isp22-sfe.infd.edu.ar\/sitio\/wp-json\/wp\/v2\/comments?post=1078"}],"version-history":[{"count":3,"href":"https:\/\/isp22-sfe.infd.edu.ar\/sitio\/wp-json\/wp\/v2\/pages\/1078\/revisions"}],"predecessor-version":[{"id":1476,"href":"https:\/\/isp22-sfe.infd.edu.ar\/sitio\/wp-json\/wp\/v2\/pages\/1078\/revisions\/1476"}],"wp:attachment":[{"href":"https:\/\/isp22-sfe.infd.edu.ar\/sitio\/wp-json\/wp\/v2\/media?parent=1078"}],"curies":[{"name":"wp","href":"https:\/\/api.w.org\/{rel}","templated":true}]}}