{"id":1578,"date":"2020-05-09T16:45:49","date_gmt":"2020-05-09T19:45:49","guid":{"rendered":"https:\/\/isp22-sfe.infd.edu.ar\/sitio\/?page_id=1578"},"modified":"2020-05-27T00:48:59","modified_gmt":"2020-05-27T03:48:59","slug":"itinerario-por-el-mundo-de-la-cultura-2","status":"publish","type":"page","link":"https:\/\/isp22-sfe.infd.edu.ar\/sitio\/itinerario-por-el-mundo-de-la-cultura-2\/","title":{"rendered":"Itinerario por el Mundo de la Cultura"},"content":{"rendered":"<p><img decoding=\"async\" loading=\"lazy\" class=\"alignnone size-full wp-image-1568\" src=\"https:\/\/isp22-sfe.infd.edu.ar\/sitio\/wp-content\/uploads\/2020\/05\/Gramsci.jpg\" alt=\"\" width=\"960\" height=\"960\" srcset=\"https:\/\/isp22-sfe.infd.edu.ar\/sitio\/wp-content\/uploads\/2020\/05\/Gramsci.jpg 960w, https:\/\/isp22-sfe.infd.edu.ar\/sitio\/wp-content\/uploads\/2020\/05\/Gramsci-500x500.jpg 500w, https:\/\/isp22-sfe.infd.edu.ar\/sitio\/wp-content\/uploads\/2020\/05\/Gramsci-768x768.jpg 768w\" sizes=\"(max-width: 960px) 100vw, 960px\" \/><\/p>\n<p>&nbsp;<\/p>\n<p>Los Itinerarios por el Mundo de la Cultura se establecen como un trayecto a lo largo de la carrera, para enriquecer la formaci\u00f3n personal del estudiante. Se deber\u00e1n acreditar al menos dos espacios diferentes electivos por a\u00f1o, que podr\u00e1n ser cursados en otras instituciones p\u00fablicas o privadas: museos, bibliotecas, centros culturales, municipalidades y comunas, entre otras.<\/p>\n<p>A modo de ejemplo, pueden citarse: actividades literarias, musicales, teatrales, pl\u00e1sticas, cine y fotograf\u00eda, distintos tipos de danzas, actividades deportivas, murga y acrobacia.<\/p>\n<h1><em>Repositorio de sitios Museos virtuales<\/em><\/h1>\n<h2>MUSEO NACIONAL DEL CABILDO DE BUENOS AIRES Y DE LA REVOLUCI\u00d3N DE MAYO<\/h2>\n<p><a href=\"https:\/\/cabildonacional.cultura.gob.ar\/noticia\/el-museo-en-casa\/\">https:\/\/cabildonacional.cultura.gob.ar\/noticia\/el-museo-en-casa\/<\/a><\/p>\n<h2><strong>Museo de la Memoria<\/strong><\/h2>\n<p><a href=\"https:\/\/www.museodelamemoria.gob.ar\/page\/muestras\">https:\/\/www.museodelamemoria.gob.ar\/page\/muestras<\/a><\/p>\n<h2><strong>Paseo virtual \u2013 Arte argentino. 100 a\u00f1os en la colecci\u00f3n del Castagnino 3D<\/strong><\/h2>\n<p><a href=\"https:\/\/my.matterport.com\/show\/?m=8F9P3bWdVtp&amp;help=1&amp;lang=4\">https:\/\/my.matterport.com\/show\/?m=8F9P3bWdVtp&amp;help=1&amp;lang=4<\/a><\/p>\n<h2><strong>Una recorrida virtual por museos y espacios de la provincia de Santa Fe. Descubr\u00ed hoy lo que vas a querer conocer ma\u00f1ana. Hoy #QuedateEnCasa<\/strong><\/h2>\n<p><a href=\"http:\/\/www.santafe.tur.ar\/regiones\/museos-virtuales\/\">http:\/\/www.santafe.tur.ar\/regiones\/museos-virtuales\/<\/a><\/p>\n<h2><strong>Museo Frida Kahlo<\/strong><\/h2>\n<p><a href=\"https:\/\/www.recorridosvirtuales.com\/frida_kahlo\/museo_frida_kahlo.html\">https:\/\/www.recorridosvirtuales.com\/frida_kahlo\/museo_frida_kahlo.html<\/a><\/p>\n<h2><strong>Museo Del Prado. Colecciones y juegos:<\/strong><\/h2>\n<p><a href=\"https:\/\/www.museodelprado.es\/recurso\/plano-para-familias-del-museo-del-prado\/1f46b69b-b8f1-5611-e6d4-acf52dca5a33\">https:\/\/www.museodelprado.es\/recurso\/plano-para-familias-del-museo-del-prado\/1f46b69b-b8f1-5611-e6d4-acf52dca5a33<\/a><\/p>\n<h2 class=\"font_6\"><strong><span class=\"color_11\">UNA SELECCI\u00d3N DE<\/span><span class=\"color_11\">\u00a0\u00c9XITOS TEATRALES\u00a0<\/span><span class=\"color_11\">DEL GRUPO LA PLAZA<\/span><span class=\"color_11\">\u00a0DISPONIBLES ONLINE<\/span><\/strong><\/h2>\n<p><a href=\"https:\/\/www.laplazaonline.com.ar\/\">https:\/\/www.laplazaonline.com.ar\/<\/a><\/p>\n<h2 class=\"title style-scope ytd-video-primary-info-renderer\"><strong>Disfrut\u00e1 de la obra Blum de Enrique Santos Disc\u00e9polo y Julio Porter, y dirigida por Mariano Dossena.<\/strong><\/h2>\n<p><a href=\"https:\/\/www.youtube.com\/watch?v=CmxR3D3wy6g&amp;feature=youtu.be\">https:\/\/www.youtube.com\/watch?v=CmxR3D3wy6g&amp;feature=youtu.be<\/a><\/p>\n<h2><strong>Museos Virtuales<\/strong><\/h2>\n<p><a href=\"https:\/\/sincopyright.com\/museos-virtuales\/\">https:\/\/sincopyright.com\/museos-virtuales\/<\/a><\/p>\n<h2><strong>Museo Provincial de Ciencias Naturales Dr. \u00c1ngel Gallardo<\/strong><\/h2>\n<p><a href=\"http:\/\/www.museogallardo.gob.ar\/el_museo.php\">http:\/\/www.museogallardo.gob.ar\/el_museo.php<\/a><\/p>\n<h2>Nuevo recurso para docentes- Museo Castagnino<\/h2>\n<p><a href=\"http:\/\/castagninomacro.org\/page\/eventos\/id\/565\/title\/Nuevo+recurso+para+docentes\">http:\/\/castagninomacro.org\/page\/eventos\/id\/565\/title\/Nuevo+recurso+para+docentes<\/a><\/p>\n<h2 class=\"hero__title\">Pinturas que debes conocer para decir que sabes de arte<\/h2>\n<p><a href=\"https:\/\/culturacolectiva.com\/arte\/51-pinturas-que-debes-conocer-para-decir-que-sabes-de-arte\">https:\/\/culturacolectiva.com\/arte\/51-pinturas-que-debes-conocer-para-decir-que-sabes-de-arte<\/a><\/p>\n<p><a href=\"https:\/\/culturacolectiva.com\/arte\/exposicion-virtual-de-kandinsky-en-bellas-artes\">https:\/\/culturacolectiva.com\/arte\/exposicion-virtual-de-kandinsky-en-bellas-artes<\/a><\/p>\n<h1><em>Repositorio de Blog<\/em><\/h1>\n<p><a href=\"http:\/\/helagabalus.blogspot.com\/2010\/06\/clinica-del-aconecimento-por-adriana.html\">http:\/\/helagabalus.blogspot.com\/2010\/06\/clinica-del-aconecimento-por-adriana.html<\/a><\/p>\n<p>Libros de pedagog\u00eda<\/p>\n<p><a href=\"https:\/\/eleternoestudiante.com\/pedagogia-libros-pdf-gratis\/?fbclid=IwAR2cIcmNwIETqsUSSibRDtQUfr251EmgRQGA5q0sScsIgpToClRvSijmdRM\">https:\/\/eleternoestudiante.com\/pedagogia-libros-pdf-gratis\/?fbclid=IwAR2cIcmNwIETqsUSSibRDtQUfr251EmgRQGA5q0sScsIgpToClRvSijmdRM<\/a><\/p>\n<p>Notas period\u00edsticas<\/p>\n<p><a href=\"https:\/\/redaccionrosario.com\/2020\/05\/15\/como-realizar-las-practicas-docentes-en-tiempos-de-cuarentena\/\">https:\/\/redaccionrosario.com\/2020\/05\/15\/como-realizar-las-practicas-docentes-en-tiempos-de-cuarentena\/<\/a><\/p>\n<h1><em>Recursos did\u00e1cticos<\/em><\/h1>\n<h1 class=\"title style-scope ytd-video-primary-info-renderer\">Martenautas<\/h1>\n<p><a href=\"https:\/\/www.youtube.com\/watch?v=UPSJ2jEBK0I&amp;feature=youtu.be\">https:\/\/www.youtube.com\/watch?v=UPSJ2jEBK0I&amp;feature=youtu.be<\/a><\/p>\n<p>&nbsp;<\/p>\n<h1><em>Repositorio de Conferencias<\/em><\/h1>\n<h2>Francisco Tonucci<\/h2>\n<p><a href=\"https:\/\/m.youtube.com\/watch?feature=youtu.be&amp;v=OZ5N-WjqKUA\">https:\/\/m.youtube.com\/watch?feature=youtu.be&amp;v=OZ5N-WjqKUA<\/a><\/p>\n<p><a href=\"https:\/\/www.youtube.com\/watch?v=WqthDDCfYr4&amp;fbclid=IwAR3hBxUJlR_mDbiAOkKGR6uZfaneszMpAhkkM66k9FalpWbUI473qKFqrKk\">https:\/\/www.youtube.com\/watch?v=WqthDDCfYr4&amp;fbclid=IwAR3hBxUJlR_mDbiAOkKGR6uZfaneszMpAhkkM66k9FalpWbUI473qKFqrKk<\/a><\/p>\n<h2>Presentaci\u00f3n del libro \u00abEl profesor artesano\u00bb, escrito por Jorge Larrosa<\/h2>\n<p><a href=\"https:\/\/www.youtube.com\/watch?v=qRdqEZeBa6A&amp;feature=share&amp;app=desktop\">https:\/\/www.youtube.com\/watch?v=qRdqEZeBa6A&amp;feature=share&amp;app=desktop<\/a><\/p>\n<h2>Entrevista a In\u00e9s Dussel. La escuela no es en casa pero tambi\u00e9n ah\u00ed llega.<\/h2>\n<p><a href=\"https:\/\/www.youtube.com\/watch?v=m5odue6i5p8\">https:\/\/www.youtube.com\/watch?v=m5odue6i5p8<\/a><\/p>\n<h2>\u201cLa clase en pantuflas\u201d | Conversatorio virtual con In\u00e9s Dussel | ISEP<\/h2>\n<p><a href=\"https:\/\/www.youtube.com\/watch?v=6xKvCtBC3Vs\">https:\/\/www.youtube.com\/watch?v=6xKvCtBC3Vs<\/a><\/p>\n<h2>Dr. Mariana Maggio. Ense\u00f1ar en tiempos de Pandemia.<\/h2>\n<p><a href=\"https:\/\/www.youtube.com\/watch?v=lvy5QZ5Qk04\">https:\/\/www.youtube.com\/watch?v=lvy5QZ5Qk04<\/a><\/p>\n<h2>Abecedario de Carlos Skliar: Tempo de Delicadeza<\/h2>\n<p><a href=\"https:\/\/www.youtube.com\/watch?v=-Ob4XS2al_w&amp;fbclid=IwAR0pTieQCN42NAAlaVYiD4oTrtUlJy8q5tZ96-RwH9dUKXh7jWgUmk6OWuE\">https:\/\/www.youtube.com\/watch?v=-Ob4XS2al_w&amp;fbclid=IwAR0pTieQCN42NAAlaVYiD4oTrtUlJy8q5tZ96-RwH9dUKXh7jWgUmk6OWuE<\/a><\/p>\n<h2>Daniel Brailovsky &#8211; Las viejas tecnolog\u00edas en tiempos de cuarentena<\/h2>\n<p><a href=\"https:\/\/www.youtube.com\/watch?v=nhtdQjfc9YI&amp;feature=youtu.be&amp;fbclid=IwAR1iLoamT-0_Qho6gurWVE3aVn0F9o3CA2bFe4GJQE847WADrmd7q1klxq0\">https:\/\/www.youtube.com\/watch?v=nhtdQjfc9YI&amp;feature=youtu.be&amp;fbclid=IwAR1iLoamT-0_Qho6gurWVE3aVn0F9o3CA2bFe4GJQE847WADrmd7q1klxq0<\/a><\/p>\n<h2>Noam Chomsky, ling\u00fcista y profesor. Es el momento de ense\u00f1ar a los ni\u00f1os a entender el mundo.<\/h2>\n<p><a href=\"https:\/\/www.youtube.com\/watch?v=OEdfJP9S4NE&amp;feature=share&amp;fbclid=IwAR08SfPiq-9ZBQO10o4MVwswER33hARyYfgeezuVaNGWuiydquXbx5REXcA\">https:\/\/www.youtube.com\/watch?v=OEdfJP9S4NE&amp;feature=share&amp;fbclid=IwAR08SfPiq-9ZBQO10o4MVwswER33hARyYfgeezuVaNGWuiydquXbx5REXcA<\/a><\/p>\n<h2>Presentaci\u00f3n de la maestra del r\u00edo. Videoconferencia junto a Amanda Paccotti de la Red Cossettini<\/h2>\n<p><a href=\"http:\/\/castagninomacro.org\/page\/eventos\/id\/562\/title\/Presentaci%C3%B3n+de+La+maestra+del+r%C3%ADo\">http:\/\/castagninomacro.org\/page\/eventos\/id\/562\/title\/Presentaci%C3%B3n+de+La+maestra+del+r%C3%ADo<\/a><\/p>\n<h2 class=\"title style-scope ytd-video-primary-info-renderer\">Espacios, territorios y entornos de aprendizaje &#8211; Laura Singer &#8211; Encuentro para el Nivel Inicial<\/h2>\n<p><a href=\"https:\/\/www.youtube.com\/watch?v=_EWG1l8JF1U\">https:\/\/www.youtube.com\/watch?v=_EWG1l8JF1U<\/a><\/p>\n<h2 class=\"title style-scope ytd-video-primary-info-renderer\">Curr\u00edculum y did\u00e1ctica: pr\u00e1ctica y experiencias docentes en tiempos de COVID<\/h2>\n<p><a href=\"https:\/\/www.youtube.com\/watch?v=2uLWKCcBdbY\">https:\/\/www.youtube.com\/watch?v=2uLWKCcBdbY<\/a><\/p>\n<h2 class=\"title style-scope ytd-video-primary-info-renderer\">Jornadas Nacionales de Formaci\u00f3n Docente<\/h2>\n<p><a href=\"https:\/\/www.youtube.com\/watch?v=aXVr2H36W2g\">https:\/\/www.youtube.com\/watch?v=aXVr2H36W2g<\/a><\/p>\n<h2 class=\"title style-scope ytd-video-primary-info-renderer\">Di\u00e1logos sobre educaci\u00f3n, escuela y conocimiento en tiempos de pandemia.<\/h2>\n<p><a href=\"https:\/\/www.youtube.com\/watch?v=m-JU7fUXl9o\">https:\/\/www.youtube.com\/watch?v=m-JU7fUXl9o<\/a><\/p>\n<h2 class=\"title style-scope ytd-video-primary-info-renderer\">Di\u00e1logos en cuarentena #3 | Adriana Puiggr\u00f3s<\/h2>\n<p><a href=\"https:\/\/www.youtube.com\/watch?v=xV7LcUV3W5E\">https:\/\/www.youtube.com\/watch?v=xV7LcUV3W5E<\/a><\/p>\n<h2 class=\"title style-scope ytd-video-primary-info-renderer\">Ciclo de Conferencias 2020 &#8211; Mgter. Rebeca Anijovich<\/h2>\n<p><a href=\"https:\/\/www.youtube.com\/watch?v=JQ-OycDX1O4\">https:\/\/www.youtube.com\/watch?v=JQ-OycDX1O4<\/a><\/p>\n<h2 class=\"title style-scope ytd-video-primary-info-renderer\">La escuela p\u00fablica antes y despu\u00e9s de la pandemia &#8211; Adriana Puiggr\u00f3s y Chachi Vel\u00e1zquez.<\/h2>\n<p><a href=\"https:\/\/www.youtube.com\/watch?v=5UNRdguXRP8&amp;fbclid=IwAR1rj_Bs7H7xyo--wY6WmfO_GByFzCKIyWFpIMtz84p7SCQUqAC-LxJWnHg&amp;app=desktop\">https:\/\/www.youtube.com\/watch?v=5UNRdguXRP8&amp;fbclid=IwAR1rj_Bs7H7xyo&#8211;wY6WmfO_GByFzCKIyWFpIMtz84p7SCQUqAC-LxJWnHg&amp;app=desktop<\/a><\/p>\n<h2 class=\"title style-scope ytd-video-primary-info-renderer\">Conferencia virtual \u00bfC\u00f3mo transitar geograf\u00edas de lo sensible en la ciudad?<\/h2>\n<p><a href=\"https:\/\/www.youtube.com\/watch?v=xP0KNPVx-Wc&amp;feature=youtu.be&amp;fbclid=IwAR2EfL8_WszQ-PLlHmzGaNnwdJa8lLTiY5I_h5ev_kZzwdyeuYAX3ziOINY\">https:\/\/www.youtube.com\/watch?v=xP0KNPVx-Wc&amp;feature=youtu.be&amp;fbclid=IwAR2EfL8_WszQ-PLlHmzGaNnwdJa8lLTiY5I_h5ev_kZzwdyeuYAX3ziOINY<\/a><\/p>\n<h2 class=\"title style-scope ytd-video-primary-info-renderer\">El sentido de la escuela<\/h2>\n<p><a href=\"https:\/\/www.youtube.com\/watch?feature=youtu.be&amp;v=-VideYQWzbQ&amp;app=desktop\">https:\/\/www.youtube.com\/watch?feature=youtu.be&amp;v=-VideYQWzbQ&amp;app=desktop<\/a><\/p>\n<h2 class=\"title style-scope ytd-video-primary-info-renderer\">Educaci\u00f3n Postpandemia: abrir las aulas y cerrar las brechas<\/h2>\n<p><a href=\"https:\/\/www.youtube.com\/watch?v=wCEwLJ4kDHc&amp;feature=youtu.be\">https:\/\/www.youtube.com\/watch?v=wCEwLJ4kDHc&amp;feature=youtu.be<\/a><\/p>\n<h2>Repensar la clase en tiempos de distanciamiento social<\/h2>\n<p><a href=\"https:\/\/www.facebook.com\/PedagogiasClandestinas\/videos\/3064267806969239\/\">https:\/\/www.facebook.com\/PedagogiasClandestinas\/videos\/3064267806969239\/<\/a><\/p>\n<h2 class=\"title style-scope ytd-video-primary-info-renderer\">Flavia Terigi en Docentes Conectadxs &#8211; 07-05-20<\/h2>\n<p><a href=\"https:\/\/www.youtube.com\/watch?time_continue=678&amp;feature=emb_title&amp;v=QoC3SKV7N8o&amp;app=desktop\">https:\/\/www.youtube.com\/watch?time_continue=678&amp;feature=emb_title&amp;v=QoC3SKV7N8o&amp;app=desktop<\/a><\/p>\n<h2 class=\"title style-scope ytd-video-primary-info-renderer\">Conversaciones en la sala de Maestrxs y Profesorxs<\/h2>\n<p><a href=\"https:\/\/www.youtube.com\/watch?v=Y4-b6kvFusU&amp;app=desktop#\">https:\/\/www.youtube.com\/watch?v=Y4-b6kvFusU&amp;app=desktop#<\/a><\/p>\n<h2 class=\"title style-scope ytd-video-primary-info-renderer\">La cruel pedagog\u00eda del virus &#8211; Boaventura de Sousa Santos y Pablo Gentili<\/h2>\n<p><a href=\"https:\/\/www.youtube.com\/watch?v=3SEducajT3s&amp;feature=youtu.be\">https:\/\/www.youtube.com\/watch?v=3SEducajT3s&amp;feature=youtu.be<\/a><\/p>\n<h2 class=\"title style-scope ytd-video-primary-info-renderer\">Un encuentro con Ruth Harf desde casa<\/h2>\n<p class=\"title style-scope ytd-video-primary-info-renderer\"><a href=\"https:\/\/www.youtube.com\/watch?v=xpYyT3x5MH4\">https:\/\/www.youtube.com\/watch?v=xpYyT3x5MH4<\/a><\/p>\n<h2 class=\"title style-scope ytd-video-primary-info-renderer\">Los cuidados en tiempos de pandemia. Dora Barrancos y Graciela Morgade<\/h2>\n<p><a href=\"https:\/\/www.youtube.com\/watch?v=cttrV_f1Unc&amp;app=desktop\">https:\/\/www.youtube.com\/watch?v=cttrV_f1Unc&amp;app=desktop<\/a><\/p>\n<h2 class=\"title style-scope ytd-video-primary-info-renderer\">Carina Kaplan &#8211; La escuela como organizadora de lazo social en tiempos de pandemia<\/h2>\n<p><a href=\"https:\/\/www.youtube.com\/watch?v=Y8EhjWPV_Cg&amp;app=desktop\">https:\/\/www.youtube.com\/watch?v=Y8EhjWPV_Cg&amp;app=desktop<\/a><\/p>\n<h2 class=\"title style-scope ytd-video-primary-info-renderer\">Jornadas Nacionales de Formaci\u00f3n Docente. Apertura y primera mesa.<\/h2>\n<p><a href=\"https:\/\/www.youtube.com\/watch?v=b-ar2w23QU4\">https:\/\/www.youtube.com\/watch?v=b-ar2w23QU4<\/a><\/p>\n<h2 class=\"title style-scope ytd-video-primary-info-renderer\">Jornadas de Formaci\u00f3n Docente. In\u00e9s Dussel y Flavia Terigi<\/h2>\n<p><a href=\"https:\/\/www.youtube.com\/watch?v=pZYGWi7nHQM\">https:\/\/www.youtube.com\/watch?v=pZYGWi7nHQM<\/a><\/p>\n<h2 class=\"title style-scope ytd-video-primary-info-renderer\">Pandemia: Educaci\u00f3n y desigualdades. Adriana Cantero y Graciela Frigerio<\/h2>\n<p><a href=\"https:\/\/www.youtube.com\/watch?v=66aVk1kP2KY&amp;app=desktop\">https:\/\/www.youtube.com\/watch?v=66aVk1kP2KY&amp;app=desktop<\/a><\/p>\n<p>&nbsp;<\/p>\n","protected":false},"excerpt":{"rendered":"<p>&nbsp; Los Itinerarios por el Mundo de la Cultura se establecen como un trayecto a lo largo de la carrera, para enriquecer la formaci\u00f3n personal del estudiante. Se deber\u00e1n acreditar al menos dos espacios diferentes electivos por a\u00f1o, que podr\u00e1n ser cursados en otras instituciones p\u00fablicas o privadas: museos, bibliotecas, centros culturales, municipalidades y comunas, &#8230; <a title=\"Itinerario por el Mundo de la Cultura\" class=\"read-more\" href=\"https:\/\/isp22-sfe.infd.edu.ar\/sitio\/itinerario-por-el-mundo-de-la-cultura-2\/\" aria-label=\"More on Itinerario por el Mundo de la Cultura\">[+]<\/a><\/p>\n","protected":false},"author":159,"featured_media":0,"parent":0,"menu_order":0,"comment_status":"closed","ping_status":"closed","template":"","meta":[],"acf":[],"_links":{"self":[{"href":"https:\/\/isp22-sfe.infd.edu.ar\/sitio\/wp-json\/wp\/v2\/pages\/1578"}],"collection":[{"href":"https:\/\/isp22-sfe.infd.edu.ar\/sitio\/wp-json\/wp\/v2\/pages"}],"about":[{"href":"https:\/\/isp22-sfe.infd.edu.ar\/sitio\/wp-json\/wp\/v2\/types\/page"}],"author":[{"embeddable":true,"href":"https:\/\/isp22-sfe.infd.edu.ar\/sitio\/wp-json\/wp\/v2\/users\/159"}],"replies":[{"embeddable":true,"href":"https:\/\/isp22-sfe.infd.edu.ar\/sitio\/wp-json\/wp\/v2\/comments?post=1578"}],"version-history":[{"count":13,"href":"https:\/\/isp22-sfe.infd.edu.ar\/sitio\/wp-json\/wp\/v2\/pages\/1578\/revisions"}],"predecessor-version":[{"id":1602,"href":"https:\/\/isp22-sfe.infd.edu.ar\/sitio\/wp-json\/wp\/v2\/pages\/1578\/revisions\/1602"}],"wp:attachment":[{"href":"https:\/\/isp22-sfe.infd.edu.ar\/sitio\/wp-json\/wp\/v2\/media?parent=1578"}],"curies":[{"name":"wp","href":"https:\/\/api.w.org\/{rel}","templated":true}]}}