{"id":1609,"date":"2020-06-23T13:01:59","date_gmt":"2020-06-23T16:01:59","guid":{"rendered":"https:\/\/isp22-sfe.infd.edu.ar\/sitio\/?page_id=1609"},"modified":"2020-06-23T16:34:22","modified_gmt":"2020-06-23T19:34:22","slug":"geogebra-en-el-aula","status":"publish","type":"page","link":"https:\/\/isp22-sfe.infd.edu.ar\/sitio\/geogebra-en-el-aula\/","title":{"rendered":"Geogebra en el aula"},"content":{"rendered":"<h1 style=\"text-align: center;\"><span style=\"color: #ff9900;\"><strong>Geogebra en el aula de Matem\u00e1tica<\/strong><\/span><\/h1>\n<p><img decoding=\"async\" loading=\"lazy\" class=\"size-medium wp-image-1611 aligncenter\" src=\"https:\/\/isp22-sfe.infd.edu.ar\/sitio\/wp-content\/uploads\/2020\/06\/Geogebra_en_el_aula-813x1000.jpeg\" alt=\"\" width=\"813\" height=\"1000\" srcset=\"https:\/\/isp22-sfe.infd.edu.ar\/sitio\/wp-content\/uploads\/2020\/06\/Geogebra_en_el_aula-813x1000.jpeg 813w, https:\/\/isp22-sfe.infd.edu.ar\/sitio\/wp-content\/uploads\/2020\/06\/Geogebra_en_el_aula-768x945.jpeg 768w, https:\/\/isp22-sfe.infd.edu.ar\/sitio\/wp-content\/uploads\/2020\/06\/Geogebra_en_el_aula.jpeg 1040w\" sizes=\"(max-width: 813px) 100vw, 813px\" \/><\/p>\n<p><span style=\"color: #ff9900;\"><b>OBJETIVOS:<\/b><\/span><\/p>\n<p>\u25cf Iniciar a los docentes en el manejo de GeoGebra, Software espec\u00edfico de Matem\u00e1tica<\/p>\n<p>\u25cf Dise\u00f1ar y aplicar estrategias did\u00e1cticas para la comprensi\u00f3n de distintos conceptos matem\u00e1ticos.<\/p>\n<p>\u25cf Lograr la apropiaci\u00f3n de dichas estrategias para poder aplicarlas en el aula, de manera presencial y en clases virtuales<\/p>\n<p>\u25cf Transformar su propia mirada de la matem\u00e1tica para lograr que sus futuros estudiantes incorporen los procesos t\u00edpicos del pensamiento matem\u00e1tico.<\/p>\n<p>\u25cf Adquirir habilidad para plantear problemas, a trav\u00e9s de GeoGebra, y la posibilidad de resolverlos con variaci\u00f3n de estrategias.<\/p>\n<p>\u25cf Relacionar el saber matem\u00e1tico con las diferentes herramientas que brinda GeoGebra, para de esta manera crear actividades din\u00e1micas significativas.<\/p>\n<p style=\"text-align: center;\"><span style=\"color: #ff9900;\"><strong>Curso Virtual con Evaluaci\u00f3n<\/strong><\/span><\/p>\n<p style=\"text-align: center;\"><span style=\"color: #ff9900;\"><strong>Se entregan certificados<\/strong><\/span><\/p>\n<p><strong><span style=\"color: #ff9900;\"><u>Arancel<\/u>:\u00a0<\/span><\/strong>El pago del arancel se coordinar\u00e1 luego del cierre de las inscripciones, ser\u00e1 en el ISP 22 de Fray Luis Beltr\u00e1n, bajo los protocolos correspondientes.<\/p>\n<ul>\n<li><span style=\"color: #000000;\">Estudiantes $300.-<\/span><\/li>\n<li><span style=\"color: #000000;\">Profesores $500.-<\/span><\/li>\n<\/ul>\n<p><strong><span style=\"color: #ff9900;\"><u>Datos necesarios para la Inscripci\u00f3n<\/u><\/span><\/strong><\/p>\n<ul>\n<li>Nombre y Apellido<\/li>\n<li>D.N.I.<\/li>\n<li>email<\/li>\n<\/ul>\n<p><strong><span style=\"color: #ff9900;\"><span style=\"text-decoration: underline;\">\u00a1\u00a1\u00a1\u00a1No olvidar!!!!<\/span><\/span><\/strong><\/p>\n<ul>\n<li><u>Estudiante<\/u>:\u00a0<wbr \/>lugar donde cursa actualmente su carrera y a\u00f1o.<\/li>\n<li><u>Profesor<\/u>: escuela\/ instituci\u00f3n a la que pertenece.<\/li>\n<\/ul>\n<p><strong><span style=\"color: #ff9900;\">Por consultas dirigirse al Dpto. de Capacitaci\u00f3n:<\/span><\/strong> <a href=\"mailto:capacitacionisp22@gmail.com\">capacitacionisp22@gmail.com\u00a0<\/a><\/p>\n","protected":false},"excerpt":{"rendered":"<p>Geogebra en el aula de Matem\u00e1tica OBJETIVOS: \u25cf Iniciar a los docentes en el manejo de GeoGebra, Software espec\u00edfico de Matem\u00e1tica \u25cf Dise\u00f1ar y aplicar estrategias did\u00e1cticas para la comprensi\u00f3n de distintos conceptos matem\u00e1ticos. \u25cf Lograr la apropiaci\u00f3n de dichas estrategias para poder aplicarlas en el aula, de manera presencial y en clases virtuales \u25cf &#8230; <a title=\"Geogebra en el aula\" class=\"read-more\" href=\"https:\/\/isp22-sfe.infd.edu.ar\/sitio\/geogebra-en-el-aula\/\" aria-label=\"More on Geogebra en el aula\">[+]<\/a><\/p>\n","protected":false},"author":100,"featured_media":0,"parent":0,"menu_order":0,"comment_status":"closed","ping_status":"closed","template":"","meta":[],"acf":[],"_links":{"self":[{"href":"https:\/\/isp22-sfe.infd.edu.ar\/sitio\/wp-json\/wp\/v2\/pages\/1609"}],"collection":[{"href":"https:\/\/isp22-sfe.infd.edu.ar\/sitio\/wp-json\/wp\/v2\/pages"}],"about":[{"href":"https:\/\/isp22-sfe.infd.edu.ar\/sitio\/wp-json\/wp\/v2\/types\/page"}],"author":[{"embeddable":true,"href":"https:\/\/isp22-sfe.infd.edu.ar\/sitio\/wp-json\/wp\/v2\/users\/100"}],"replies":[{"embeddable":true,"href":"https:\/\/isp22-sfe.infd.edu.ar\/sitio\/wp-json\/wp\/v2\/comments?post=1609"}],"version-history":[{"count":10,"href":"https:\/\/isp22-sfe.infd.edu.ar\/sitio\/wp-json\/wp\/v2\/pages\/1609\/revisions"}],"predecessor-version":[{"id":1625,"href":"https:\/\/isp22-sfe.infd.edu.ar\/sitio\/wp-json\/wp\/v2\/pages\/1609\/revisions\/1625"}],"wp:attachment":[{"href":"https:\/\/isp22-sfe.infd.edu.ar\/sitio\/wp-json\/wp\/v2\/media?parent=1609"}],"curies":[{"name":"wp","href":"https:\/\/api.w.org\/{rel}","templated":true}]}}