{"id":911,"date":"2018-08-31T16:26:19","date_gmt":"2018-08-31T19:26:19","guid":{"rendered":"https:\/\/isp22-sfe.infd.edu.ar\/sitio\/secretaria\/"},"modified":"2018-09-05T11:50:13","modified_gmt":"2018-09-05T14:50:13","slug":"secretaria","status":"publish","type":"page","link":"https:\/\/isp22-sfe.infd.edu.ar\/sitio\/secretaria\/","title":{"rendered":"Secretaria"},"content":{"rendered":"<p><strong><span style=\"color: #cc6600; font-family: Arial; font-size: medium;\">En \u00e9sta p\u00e1gina encontraremos enlaces de ayuda referidas a cuestiones administrativas del Instituto, espec\u00edficamente para Secretar\u00eda.<br \/>\n<\/span><\/strong><\/p>\n<p>&nbsp;<\/p>\n<p>Certificado de mesa de ex\u00e1men<\/p>\n<p>Acta de mesas de examen (en blanco, interactivo)<\/p>\n<p>Constancia de certificado de estudios en tr\u00e1mite<\/p>\n<p>Constancia de actividad escolar simult\u00e1nea (en blanco, interactivo)<\/p>\n<p>Aclaraci\u00f3n para su correcto funcionamiento los archivos deben ser descargados y trabajados desde la aplicaci\u00f3n correspondiente instalada en su PC o port\u00e1til.<\/p>\n<p>&nbsp;<\/p>\n","protected":false},"excerpt":{"rendered":"<p>En \u00e9sta p\u00e1gina encontraremos enlaces de ayuda referidas a cuestiones administrativas del Instituto, espec\u00edficamente para Secretar\u00eda. &nbsp; Certificado de mesa de ex\u00e1men Acta de mesas de examen (en blanco, interactivo) Constancia de certificado de estudios en tr\u00e1mite Constancia de actividad escolar simult\u00e1nea (en blanco, interactivo) Aclaraci\u00f3n para su correcto funcionamiento los archivos deben ser descargados &#8230; <a title=\"Secretaria\" class=\"read-more\" href=\"https:\/\/isp22-sfe.infd.edu.ar\/sitio\/secretaria\/\" aria-label=\"More on Secretaria\">[+]<\/a><\/p>\n","protected":false},"author":100,"featured_media":0,"parent":0,"menu_order":0,"comment_status":"closed","ping_status":"closed","template":"","meta":[],"acf":[],"_links":{"self":[{"href":"https:\/\/isp22-sfe.infd.edu.ar\/sitio\/wp-json\/wp\/v2\/pages\/911"}],"collection":[{"href":"https:\/\/isp22-sfe.infd.edu.ar\/sitio\/wp-json\/wp\/v2\/pages"}],"about":[{"href":"https:\/\/isp22-sfe.infd.edu.ar\/sitio\/wp-json\/wp\/v2\/types\/page"}],"author":[{"embeddable":true,"href":"https:\/\/isp22-sfe.infd.edu.ar\/sitio\/wp-json\/wp\/v2\/users\/100"}],"replies":[{"embeddable":true,"href":"https:\/\/isp22-sfe.infd.edu.ar\/sitio\/wp-json\/wp\/v2\/comments?post=911"}],"version-history":[{"count":2,"href":"https:\/\/isp22-sfe.infd.edu.ar\/sitio\/wp-json\/wp\/v2\/pages\/911\/revisions"}],"predecessor-version":[{"id":1102,"href":"https:\/\/isp22-sfe.infd.edu.ar\/sitio\/wp-json\/wp\/v2\/pages\/911\/revisions\/1102"}],"wp:attachment":[{"href":"https:\/\/isp22-sfe.infd.edu.ar\/sitio\/wp-json\/wp\/v2\/media?parent=911"}],"curies":[{"name":"wp","href":"https:\/\/api.w.org\/{rel}","templated":true}]}}