{"id":927,"date":"2018-08-31T16:26:26","date_gmt":"2018-08-31T19:26:26","guid":{"rendered":"https:\/\/isp22-sfe.infd.edu.ar\/sitio\/capacitaciones-cursos-jornadas\/"},"modified":"2020-08-05T18:26:23","modified_gmt":"2020-08-05T21:26:23","slug":"capacitaciones-cursos-jornadas","status":"publish","type":"page","link":"https:\/\/isp22-sfe.infd.edu.ar\/sitio\/capacitaciones-cursos-jornadas\/","title":{"rendered":"CAPACITACIONES"},"content":{"rendered":"<p><img decoding=\"async\" style=\"border: 0; float: right;\" title=\"Red virtual\" src=\"https:\/\/isp22-sfe.infd.edu.ar\/sitio\/wp-content\/uploads\/2018\/08\/la_red.jpg\" alt=\"Red virtual\" border=\"0\" \/><\/p>\n<p><strong style=\"font-size: 14pt;\">Toda instituci\u00f3n de nivel superior debe tejer redes entre las escuelas, los docentes y los estudiantes. <\/strong><\/p>\n<p><strong style=\"font-size: 14pt;\">Estas permiten que todos los que participan en ella ayudan a entretejer los hilos que la conforman como una urdimbre de significados. <\/strong><\/p>\n<p><strong style=\"font-size: 14pt;\">La formaci\u00f3n cont\u00ednua es un hilo de este entramado, es por esto que nuestra instituci\u00f3n sostiene diferentes trayectorias de formaci\u00f3n. <\/strong><\/p>\n<p><strong style=\"font-size: 14pt;\">Te invitamos a recorrer nuestras propuestas de capacitaciones, cursos y jornadas<\/strong><\/p>\n<p>&nbsp;<\/p>\n<p>&nbsp;<\/p>\n<p>&nbsp;<\/p>\n<p>&nbsp;<\/p>\n<p>&nbsp;<\/p>\n<p>&nbsp;<\/p>\n","protected":false},"excerpt":{"rendered":"<p>Toda instituci\u00f3n de nivel superior debe tejer redes entre las escuelas, los docentes y los estudiantes. Estas permiten que todos los que participan en ella ayudan a entretejer los hilos que la conforman como una urdimbre de significados. La formaci\u00f3n cont\u00ednua es un hilo de este entramado, es por esto que nuestra instituci\u00f3n sostiene diferentes &#8230; <a title=\"CAPACITACIONES\" class=\"read-more\" href=\"https:\/\/isp22-sfe.infd.edu.ar\/sitio\/capacitaciones-cursos-jornadas\/\" aria-label=\"More on CAPACITACIONES\">[+]<\/a><\/p>\n","protected":false},"author":100,"featured_media":0,"parent":0,"menu_order":0,"comment_status":"closed","ping_status":"closed","template":"","meta":[],"acf":[],"_links":{"self":[{"href":"https:\/\/isp22-sfe.infd.edu.ar\/sitio\/wp-json\/wp\/v2\/pages\/927"}],"collection":[{"href":"https:\/\/isp22-sfe.infd.edu.ar\/sitio\/wp-json\/wp\/v2\/pages"}],"about":[{"href":"https:\/\/isp22-sfe.infd.edu.ar\/sitio\/wp-json\/wp\/v2\/types\/page"}],"author":[{"embeddable":true,"href":"https:\/\/isp22-sfe.infd.edu.ar\/sitio\/wp-json\/wp\/v2\/users\/100"}],"replies":[{"embeddable":true,"href":"https:\/\/isp22-sfe.infd.edu.ar\/sitio\/wp-json\/wp\/v2\/comments?post=927"}],"version-history":[{"count":4,"href":"https:\/\/isp22-sfe.infd.edu.ar\/sitio\/wp-json\/wp\/v2\/pages\/927\/revisions"}],"predecessor-version":[{"id":1644,"href":"https:\/\/isp22-sfe.infd.edu.ar\/sitio\/wp-json\/wp\/v2\/pages\/927\/revisions\/1644"}],"wp:attachment":[{"href":"https:\/\/isp22-sfe.infd.edu.ar\/sitio\/wp-json\/wp\/v2\/media?parent=927"}],"curies":[{"name":"wp","href":"https:\/\/api.w.org\/{rel}","templated":true}]}}