{"id":936,"date":"2018-08-31T16:26:29","date_gmt":"2018-08-31T19:26:29","guid":{"rendered":"https:\/\/isp22-sfe.infd.edu.ar\/sitio\/tec-sup-energias-renovables-res-1631-2015\/"},"modified":"2020-08-31T18:31:27","modified_gmt":"2020-08-31T21:31:27","slug":"tec-sup-energias-renovables-res-1631-2015","status":"publish","type":"page","link":"https:\/\/isp22-sfe.infd.edu.ar\/sitio\/tec-sup-energias-renovables-res-1631-2015\/","title":{"rendered":"Tec. Sup. Energ\u00edas Renovables  Res. 1631\/2015"},"content":{"rendered":"<p><strong>T\u00cdTULO A OTORGAR:<\/strong><\/p>\n<p><strong>T\u00e9cnico Superior en Gesti\u00f3n de Energ\u00edas Renovables, Uso Racional y Eficiencia Energ\u00e9tica<\/strong>.<\/p>\n<p>Res. 1631\/2015 &#8211; TECNICATURA SUPERIOR EN ENERG\u00cdAS RENOVABLES, USO RACIONAL Y EFICIENCIA ENERG\u00c9TICA<\/p>\n<p><strong>Duraci\u00f3n:<\/strong>\u00a03 a\u00f1os<\/p>\n<p><span style=\"text-decoration: underline;\"><span style=\"font-family: 'arial black', 'avant garde'; font-size: 14pt;\">Alcance del Perfil Profesional<\/span><\/span><\/p>\n<p style=\"text-align: justify;\">El\u00a0T\u00e9cnico Superior en Gesti\u00f3n de Energ\u00edas Renovables, Uso Racional y Eficiencia Energ\u00e9tica\u00a0est\u00e1 capacitado para manifestar conocimientos, habilidades, destrezas, valores y actitudes en situaciones reales de trabajo, conforme a criterios de profesionalidad propios de su \u00e1rea y responsabilidad social al:<\/p>\n<p style=\"text-align: justify;\">\u25cf \u201c<strong><span style=\"color: #339966;\">Conocer e interpretar la pol\u00edtica energ\u00e9tica<\/span><\/strong>, los mercados, la legislaci\u00f3n, regulaci\u00f3n, normativas, informaci\u00f3n, costos e indicadores energ\u00e9ticos acerca de energ\u00edas renovables, uso racional y eficiencia energ\u00e9tica a nivel internacional, nacional, provincial y local\u201d.<\/p>\n<p style=\"text-align: justify;\">\u25cf \u201c<span style=\"color: #339966;\"><strong>Conocer las distintas tecnolog\u00edas de generaci\u00f3n de energ\u00edas renovables<\/strong><\/span> con potencial de instalaci\u00f3n en la provincia de Santa Fe y las tecnolog\u00edas para el uso racional y eficiencia energ\u00e9tica que promuevan el desarrollo sustentable\u201d.<\/p>\n<p style=\"text-align: justify;\">\u25cf \u201c<strong><span style=\"color: #339966;\">Conocer, realizar, analizar e interpretar planos de instalaciones de energ\u00eda<\/span><\/strong> y resultados de instrumentos de mediciones energ\u00e9ticas utilizados en energ\u00edas renovables, uso racional y eficiencia energ\u00e9tica\u201d.<\/p>\n<p style=\"text-align: justify;\">\u25cf \u201c<strong><span style=\"color: #339966;\">Proyectar, evaluar, formular y gestionar la instalaci\u00f3n de proyectos<\/span><\/strong> de aprovechamiento de energ\u00edas renovables y uso racional y eficiencia energ\u00e9tica a nivel regional, local, organismos p\u00fablicos y empresas productoras de bienes y servicios\u201d.<\/p>\n<p style=\"text-align: justify;\">\u25cf \u201c<strong><span style=\"color: #339966;\">Especificar los requisitos para establecer, implementar, mantener y mejorar un sistema de gesti\u00f3n de la energ\u00eda<\/span><\/strong> con el prop\u00f3sito de permitir a cualquier \u00a0organizaci\u00f3n contar con un enfoque sistem\u00e1tico para alcanzar una mejora continua en su desempe\u00f1o energ\u00e9tico, incluyendo la eficiencia energ\u00e9tica, el uso y el consumo de energ\u00eda. Especifica los requisitos aplicables al uso y consumo de la energ\u00eda, incluyendo la medici\u00f3n, documentaci\u00f3n e informaci\u00f3n, las pr\u00e1cticas para el dise\u00f1o y adquisici\u00f3n de equipos, sistemas, procesos y personal que contribuyen al desempe\u00f1o energ\u00e9tico.<\/p>\n<p style=\"text-align: justify;\">\u25cf \u201c<strong><span style=\"color: #339966;\">Gestionar la operaci\u00f3n y mantenimiento de componentes,<\/span><\/strong> equipos e instalaciones de energ\u00edas renovables, uso racional y eficiencia energ\u00e9tica teniendo en cuenta condiciones de higiene y seguridad en el trabajo y las normas de calidad medio ambientales\u201d.<\/p>\n<p style=\"text-align: justify;\">\u25cf \u201c<strong><span style=\"color: #339966;\">Gestionar los recursos<\/span><\/strong> necesarios para desarrollar las actividades de la organizaci\u00f3n y en la utilizaci\u00f3n de herramientas de gesti\u00f3n para la resoluci\u00f3n de problemas concretos que se presenten en la industria\u201d.<\/p>\n<p style=\"text-align: justify;\">\u25cf \u201c<strong><span style=\"color: #339966;\">Interactuar con los diferentes roles ocupacionales y \u00e1reas organizacionales<\/span><\/strong>, mediante un trabajo en equipo de car\u00e1cter cooperativo, con capacidad para negociar, argumentar y articular propuestas, necesidades y expectativas\u201d.<\/p>\n<p style=\"text-align: justify;\">\u25cf \u201c<span style=\"color: #339966;\"><strong>Generar propuestas innovadoras y\/o emprendimientos productivos<\/strong><\/span> propios del \u00e1mbito de la gesti\u00f3n de energ\u00edas renovables, uso racional y eficiencia energ\u00e9tica\u201d.<\/p>\n<p><span style=\"font-family: 'arial black', 'avant garde';\">Condiciones de ingreso:<\/span> estudiantes egresados de escuelas medias de todas las modalidades<\/p>\n<p>A cargo del <span style=\"font-family: 'arial black', 'avant garde';\">Instituto Superior N\u00ba 22. Fray Luis Beltran, anexo San Lorenzo. Escuela 438 Ex-Nacional 1 de San Lorenzo<\/span>.<\/p>\n<p><iframe loading=\"lazy\" src=\"https:\/\/www.youtube.com\/embed\/3gv9Dim1sKk\" width=\"560\" height=\"315\" frameborder=\"0\" allowfullscreen=\"allowfullscreen\"><\/iframe><\/p>\n","protected":false},"excerpt":{"rendered":"<p>T\u00cdTULO A OTORGAR: T\u00e9cnico Superior en Gesti\u00f3n de Energ\u00edas Renovables, Uso Racional y Eficiencia Energ\u00e9tica. Res. 1631\/2015 &#8211; TECNICATURA SUPERIOR EN ENERG\u00cdAS RENOVABLES, USO RACIONAL Y EFICIENCIA ENERG\u00c9TICA Duraci\u00f3n:\u00a03 a\u00f1os Alcance del Perfil Profesional El\u00a0T\u00e9cnico Superior en Gesti\u00f3n de Energ\u00edas Renovables, Uso Racional y Eficiencia Energ\u00e9tica\u00a0est\u00e1 capacitado para manifestar conocimientos, habilidades, destrezas, valores y actitudes &#8230; <a title=\"Tec. Sup. Energ\u00edas Renovables  Res. 1631\/2015\" class=\"read-more\" href=\"https:\/\/isp22-sfe.infd.edu.ar\/sitio\/tec-sup-energias-renovables-res-1631-2015\/\" aria-label=\"More on Tec. Sup. Energ\u00edas Renovables  Res. 1631\/2015\">[+]<\/a><\/p>\n","protected":false},"author":100,"featured_media":0,"parent":0,"menu_order":0,"comment_status":"closed","ping_status":"closed","template":"","meta":[],"acf":[],"_links":{"self":[{"href":"https:\/\/isp22-sfe.infd.edu.ar\/sitio\/wp-json\/wp\/v2\/pages\/936"}],"collection":[{"href":"https:\/\/isp22-sfe.infd.edu.ar\/sitio\/wp-json\/wp\/v2\/pages"}],"about":[{"href":"https:\/\/isp22-sfe.infd.edu.ar\/sitio\/wp-json\/wp\/v2\/types\/page"}],"author":[{"embeddable":true,"href":"https:\/\/isp22-sfe.infd.edu.ar\/sitio\/wp-json\/wp\/v2\/users\/100"}],"replies":[{"embeddable":true,"href":"https:\/\/isp22-sfe.infd.edu.ar\/sitio\/wp-json\/wp\/v2\/comments?post=936"}],"version-history":[{"count":4,"href":"https:\/\/isp22-sfe.infd.edu.ar\/sitio\/wp-json\/wp\/v2\/pages\/936\/revisions"}],"predecessor-version":[{"id":1659,"href":"https:\/\/isp22-sfe.infd.edu.ar\/sitio\/wp-json\/wp\/v2\/pages\/936\/revisions\/1659"}],"wp:attachment":[{"href":"https:\/\/isp22-sfe.infd.edu.ar\/sitio\/wp-json\/wp\/v2\/media?parent=936"}],"curies":[{"name":"wp","href":"https:\/\/api.w.org\/{rel}","templated":true}]}}