{"id":944,"date":"2018-08-31T16:26:32","date_gmt":"2018-08-31T19:26:32","guid":{"rendered":"https:\/\/isp22-sfe.infd.edu.ar\/sitio\/tec-sup-en-logistica-res-377-2016\/"},"modified":"2020-08-31T18:31:55","modified_gmt":"2020-08-31T21:31:55","slug":"tec-sup-en-logistica-res-377-2016","status":"publish","type":"page","link":"https:\/\/isp22-sfe.infd.edu.ar\/sitio\/tec-sup-en-logistica-res-377-2016\/","title":{"rendered":"Tec. Sup. en Log\u00edstica Res. 377\/2016"},"content":{"rendered":"<p><strong>T\u00cdTULO A OTORGAR:<\/strong><\/p>\n<p><strong>T\u00e9cnico Superior en Log\u00edstica<\/strong><\/p>\n<p>Res. 377\/2016 &#8211; TECNICATURA SUPERIOR EN LOG\u00cdSTICA<\/p>\n<p><strong><strong>Duraci\u00f3n de la carrera en a\u00f1os acad\u00e9micos<\/strong>:<\/strong>\u00a03 a\u00f1os<\/p>\n<p style=\"text-align: justify;\"><span style=\"text-decoration: underline;\"><span style=\"font-family: 'arial black', 'avant garde'; font-size: 14pt;\">Alcance\u00a0del\u00a0perfil\u00a0profesional<\/span><\/span><\/p>\n<p style=\"text-align: justify;\">El\u00a0 T\u00e9cnico\u00a0 Superior\u00a0 en\u00a0 Log\u00edstica\u00a0 estar\u00e1\u00a0 capacitado\u00a0 para\u00a0 gestionar\u00a0 el\u00a0 flujo\u00a0 y\u00a0 almacenamiento\u00a0de\u00a0bienes\u00a0a\u00a0fin\u00a0de\u00a0que\u00a0quien\u00a0los\u00a0requiera,\u00a0ya\u00a0sea\u00a0un\u00a0cliente\u00a0o\u00a0un\u00a0\u00e1rea\u00a0 productiva,\u00a0 pueda\u00a0 recibirlos,\u00a0 en\u00a0 la\u00a0 cantidad,\u00a0 calidad\u00a0 y\u00a0 condiciones\u00a0 acordadas,\u00a0 en\u00a0 el\u00a0 momento\u00a0 oportuno\u00a0 y en lugar preciso. Esto comprende la programaci\u00f3n y coordinaci\u00f3n\u00a0de\u00a0actividades\u00a0de\u00a0manipulaci\u00f3n\u00a0y\u00a0transporte,\u00a0tanto\u00a0sea\u00a0hacia\u00a0el\u00a0exterior\u00a0 (distribuci\u00f3n)\u00a0 como\u00a0 hacia\u00a0 la\u00a0 propia\u00a0 organizaci\u00f3n\u00a0 (aprovisionamiento),\u00a0 incluyendo\u00a0 la\u00a0 administraci\u00f3n\u00a0 de\u00a0 los\u00a0 dep\u00f3sitos\u00a0 y\u00a0 la\u00a0supervisi\u00f3n\u00a0 del\u00a0 personal\u00a0 operativo,\u00a0tratando\u00a0 de\u00a0 lograr\u00a0 la\u00a0 eficacia\u00a0 de\u00a0 los\u00a0flujos\u00a0 a\u00a0 la\u00a0 vez\u00a0 que\u00a0 la\u00a0 eficiencia\u00a0 de\u00a0 la\u00a0 operaci\u00f3n, respetando requisitos ambientales,\u00a0de\u00a0seguridad y\u00a0otros\u00a0que\u00a0resulten aplicables.<\/p>\n<p style=\"text-align: justify;\">Asimismo,\u00a0sostendr\u00e1\u00a0como\u00a0rasgos\u00a0propios\u00a0de\u00a0su\u00a0profesionalidad\u00a0el\u00a0compromiso\u00a0con\u00a0los\u00a0 valores\u00a0y\u00a0las\u00a0normas\u00a0\u00e9ticas\u00a0profesionales\u00a0y\u00a0legales\u00a0que\u00a0regulan\u00a0la\u00a0actividad. El\u00a0 T\u00e9cnico\u00a0 Superior\u00a0 en\u00a0 Log\u00edstica\u00a0 est\u00e1\u00a0 capacitado\u00a0 para\u00a0 manifestar\u00a0 conocimientos,\u00a0 habilidades,\u00a0destrezas,\u00a0valores\u00a0y\u00a0actitudes\u00a0en\u00a0situaciones\u00a0reales\u00a0de\u00a0trabajo,\u00a0conforme\u00a0a\u00a0 criterios\u00a0de\u00a0profesionalidad\u00a0propios\u00a0de\u00a0su\u00a0\u00e1rea\u00a0y\u00a0responsabilidad\u00a0social\u00a0al:<\/p>\n<p style=\"text-align: justify;\">\u25cf\u00a0<strong>\u201c<span style=\"color: #339966;\">Organizar<\/span>\u00a0y\u00a0gestionar\u00a0la\u00a0<span style=\"color: #339966;\">distribuci\u00f3n\u00a0y\u00a0despacho<\/span>\u201d<\/strong><\/p>\n<p style=\"text-align: justify;\"><strong>\u25cf\u00a0\u201c<span style=\"color: #339966;\">Coordinar<\/span>\u00a0y\u00a0gestionar\u00a0el\u00a0<span style=\"color: #339966;\">transporte<\/span>\u201d<\/strong><\/p>\n<p><strong>\u25cf\u00a0\u201cOrganizar\u00a0y\u00a0gestionar\u00a0la\u00a0<span style=\"color: #339966;\">recepci\u00f3n<\/span>\u00a0y\u00a0el\u00a0<span style=\"color: #339966;\">almacenamiento<\/span>\u201d<\/strong><\/p>\n<p><strong>\u25cf\u00a0\u201c<span style=\"color: #339966;\">Gestionar<\/span>\u00a0la\u00a0informaci\u00f3n\u00a0administrativa\u201d<\/strong><\/p>\n<p><strong>\u25cf\u00a0\u201cOrganizar\u00a0y\u00a0gestionar\u00a0el\u00a0\u00e1rea\u00a0de\u00a0trabajo\u201d<\/strong><\/p>\n<p style=\"text-align: justify;\"><strong>\u25cf\u201c<span style=\"color: #339966;\">Interactuar<\/span>\u00a0con\u00a0los\u00a0diferentes\u00a0roles\u00a0ocupacionales\u00a0y\u00a0\u00e1reas\u00a0organizacionales, mediante\u00a0un\u00a0trabajo\u00a0en\u00a0equipo\u00a0de\u00a0car\u00e1cter\u00a0cooperativo,\u00a0con\u00a0capacidad\u00a0para\u00a0 negociar,\u00a0argumentar\u00a0y\u00a0articular\u00a0propuestas,\u00a0necesidades\u00a0y\u00a0expectativas\u201d<\/strong><\/p>\n<p style=\"text-align: justify;\"><strong><strong>\u25cf\u201c<span style=\"color: #339966;\">Generar\u00a0propuestas\u00a0innovadoras<\/span>\u00a0y\/o\u00a0emprendimientos\u00a0productivos\u00a0propios\u00a0 del\u00a0\u00e1mbito\u00a0de\u00a0la\u00a0log\u00edstica\u201d<\/strong><\/strong><\/p>\n<p style=\"text-align: justify;\">Para\u00a0 poder\u00a0 desarrollar\u00a0 plenamente\u00a0 su\u00a0 profesionalidad,\u00a0 el\u00a0 t\u00e9cnico\u00a0 superior\u00a0 tiene\u00a0 adem\u00e1s\u00a0 que\u00a0 lograr\u00a0 ciertas\u00a0 capacidades\u00a0 que\u00a0 resultan\u00a0 transversales\u00a0 a\u00a0 todas\u00a0 sus\u00a0 funciones\u00a0 y\u00a0 tienen\u00a0 que\u00a0ser\u00a0 desarrolladas\u00a0 y\u00a0 promovidas\u00a0 durante\u00a0 el\u00a0 transcurso\u00a0 de\u00a0su\u00a0 formaci\u00f3n. Entre\u00a0 ellas,\u00a0 capacidad de anticipar posibles problemas o consecuencias de sus decisiones\u00a0o\u00a0acciones,\u00a0capacidad\u00a0de\u00a0manejar\u00a0el\u00a0espacio\u00a0y\u00a0las\u00a0dimensiones\u00a0para\u00a0asignar\u00a0 cargas\u00a0 a\u00a0 los\u00a0 espacios\u00a0 disponibles,\u00a0 criterio\u00a0 econ\u00f3mico\u00a0 para\u00a0 evaluar\u00a0 alternativas,\u00a0 apertura\u00a0 para\u00a0 considerar\u00a0 y\u00a0 tomar\u00a0 decisiones\u00a0 que\u00a0 resuelvan\u00a0situaciones\u00a0 imprevistas,\u00a0 capacidad\u00a0 organizativa\u00a0 para\u00a0 planificar\u00a0 y\u00a0 programar\u00a0 acciones,\u00a0 capacidad\u00a0 de\u00a0 liderazgo\u00a0 para\u00a0 conducir\u00a0 al\u00a0 personal\u00a0 operativo, capacidad para la comunicaci\u00f3n apropiada, capacidad\u00a0para\u00a0trabajar\u00a0en\u00a0equipo,\u00a0actitud\u00a0de\u00a0aprendizaje\u00a0permanente\u00a0para\u00a0actualizar\u00a0 y\u00a0 profundizar\u00a0sus\u00a0 conocimientos\u00a0 y\u00a0 habilidades\u00a0 y\u00a0 desarrollar\u00a0 una\u00a0 actitud\u00a0 \u00e9tica\u00a0 en\u00a0su\u00a0 desempe\u00f1o\u00a0profesional.<\/p>\n<p style=\"text-align: justify;\"><strong>Condiciones de ingreso:<\/strong> Estudios Secundarios Completos.<\/p>\n","protected":false},"excerpt":{"rendered":"<p>T\u00cdTULO A OTORGAR: T\u00e9cnico Superior en Log\u00edstica Res. 377\/2016 &#8211; TECNICATURA SUPERIOR EN LOG\u00cdSTICA Duraci\u00f3n de la carrera en a\u00f1os acad\u00e9micos:\u00a03 a\u00f1os Alcance\u00a0del\u00a0perfil\u00a0profesional El\u00a0 T\u00e9cnico\u00a0 Superior\u00a0 en\u00a0 Log\u00edstica\u00a0 estar\u00e1\u00a0 capacitado\u00a0 para\u00a0 gestionar\u00a0 el\u00a0 flujo\u00a0 y\u00a0 almacenamiento\u00a0de\u00a0bienes\u00a0a\u00a0fin\u00a0de\u00a0que\u00a0quien\u00a0los\u00a0requiera,\u00a0ya\u00a0sea\u00a0un\u00a0cliente\u00a0o\u00a0un\u00a0\u00e1rea\u00a0 productiva,\u00a0 pueda\u00a0 recibirlos,\u00a0 en\u00a0 la\u00a0 cantidad,\u00a0 calidad\u00a0 y\u00a0 condiciones\u00a0 acordadas,\u00a0 en\u00a0 el\u00a0 momento\u00a0 oportuno\u00a0 y en lugar preciso. Esto &#8230; <a title=\"Tec. Sup. en Log\u00edstica Res. 377\/2016\" class=\"read-more\" href=\"https:\/\/isp22-sfe.infd.edu.ar\/sitio\/tec-sup-en-logistica-res-377-2016\/\" aria-label=\"More on Tec. Sup. en Log\u00edstica Res. 377\/2016\">[+]<\/a><\/p>\n","protected":false},"author":100,"featured_media":0,"parent":0,"menu_order":0,"comment_status":"closed","ping_status":"closed","template":"","meta":[],"acf":[],"_links":{"self":[{"href":"https:\/\/isp22-sfe.infd.edu.ar\/sitio\/wp-json\/wp\/v2\/pages\/944"}],"collection":[{"href":"https:\/\/isp22-sfe.infd.edu.ar\/sitio\/wp-json\/wp\/v2\/pages"}],"about":[{"href":"https:\/\/isp22-sfe.infd.edu.ar\/sitio\/wp-json\/wp\/v2\/types\/page"}],"author":[{"embeddable":true,"href":"https:\/\/isp22-sfe.infd.edu.ar\/sitio\/wp-json\/wp\/v2\/users\/100"}],"replies":[{"embeddable":true,"href":"https:\/\/isp22-sfe.infd.edu.ar\/sitio\/wp-json\/wp\/v2\/comments?post=944"}],"version-history":[{"count":1,"href":"https:\/\/isp22-sfe.infd.edu.ar\/sitio\/wp-json\/wp\/v2\/pages\/944\/revisions"}],"predecessor-version":[{"id":1660,"href":"https:\/\/isp22-sfe.infd.edu.ar\/sitio\/wp-json\/wp\/v2\/pages\/944\/revisions\/1660"}],"wp:attachment":[{"href":"https:\/\/isp22-sfe.infd.edu.ar\/sitio\/wp-json\/wp\/v2\/media?parent=944"}],"curies":[{"name":"wp","href":"https:\/\/api.w.org\/{rel}","templated":true}]}}