{"id":958,"date":"2018-08-31T16:26:37","date_gmt":"2018-08-31T19:26:37","guid":{"rendered":"https:\/\/isp22-sfe.infd.edu.ar\/sitio\/autoridades\/"},"modified":"2024-12-05T19:59:32","modified_gmt":"2024-12-05T22:59:32","slug":"autoridades","status":"publish","type":"page","link":"https:\/\/isp22-sfe.infd.edu.ar\/sitio\/autoridades\/","title":{"rendered":"Autoridades"},"content":{"rendered":"<p><span style=\"color: #000000; font-size: 14pt;\"><strong>Directora:<\/strong> <span style=\"font-size: 14pt;\">Prof. Elsa Gonz\u00e1lez<\/span><br \/>\n<\/span><\/p>\n<p><strong style=\"font-size: 14pt;\">Regentes:<\/strong><span style=\"font-size: 14pt;\"> Prof. Nidia Villaverde, Prof. Franco Formica<\/span><\/p>\n<p><span style=\"color: #000000; font-size: 14pt;\"><strong>Secretaria: <\/strong><span style=\"font-size: 14pt;\">Sra. Silvina Capellaris<\/span><\/span><\/p>\n<p><span style=\"color: #000000; font-size: 14pt;\"><strong>Pro-Secretarios:\u00a0<\/strong>Prof. Diego Guacci y\u00a0 Prof. Patricia Mattio<\/span><\/p>\n<p><span style=\"color: #000000; font-size: 14pt;\"><strong>Ayudante de Inform\u00e1tica:<\/strong> Prof. Adriana Bugatti<\/span><\/p>\n<p><strong><span style=\"color: #000000; font-size: 14pt;\">Integrantes del Consejo Acad\u00e9mico:<\/span><\/strong><\/p>\n<ul>\n<li>Por Primaria, Prof. Claudia Di Marco<\/li>\n<li>Por Historia, Prof. Sergio Paz<\/li>\n<li>Por Administraci\u00f3n, Prof. Nancy Oggero<\/li>\n<li>Por Matem\u00e1tica, Prof. Dami\u00e1n Rodr\u00edguez<\/li>\n<li>Por Tec. Sup en Gesti\u00f3n de las Organizaciones: Prof. Ariel L\u00f3pez Merch\u00e1n<\/li>\n<li>Por Tec. Sup. en Log\u00edstica: Prof. Cristian Desideri<\/li>\n<li>De Pr\u00e1cticas Profesionalizantes: Prof. Alexis Mitchell<\/li>\n<li>De Pr\u00e1ctica, Prof. Melisa Gilardoni<\/li>\n<li>De Capacitaci\u00f3n y Proyectos Espec\u00edficos: Prof. Carolina Boretto<\/li>\n<\/ul>\n","protected":false},"excerpt":{"rendered":"<p>Directora: Prof. Elsa Gonz\u00e1lez Regentes: Prof. Nidia Villaverde, Prof. Franco Formica Secretaria: Sra. Silvina Capellaris Pro-Secretarios:\u00a0Prof. Diego Guacci y\u00a0 Prof. Patricia Mattio Ayudante de Inform\u00e1tica: Prof. Adriana Bugatti Integrantes del Consejo Acad\u00e9mico: Por Primaria, Prof. Claudia Di Marco Por Historia, Prof. Sergio Paz Por Administraci\u00f3n, Prof. Nancy Oggero Por Matem\u00e1tica, Prof. Dami\u00e1n Rodr\u00edguez Por Tec. &#8230; <a title=\"Autoridades\" class=\"read-more\" href=\"https:\/\/isp22-sfe.infd.edu.ar\/sitio\/autoridades\/\" aria-label=\"More on Autoridades\">[+]<\/a><\/p>\n","protected":false},"author":100,"featured_media":0,"parent":0,"menu_order":0,"comment_status":"closed","ping_status":"closed","template":"","meta":[],"acf":[],"_links":{"self":[{"href":"https:\/\/isp22-sfe.infd.edu.ar\/sitio\/wp-json\/wp\/v2\/pages\/958"}],"collection":[{"href":"https:\/\/isp22-sfe.infd.edu.ar\/sitio\/wp-json\/wp\/v2\/pages"}],"about":[{"href":"https:\/\/isp22-sfe.infd.edu.ar\/sitio\/wp-json\/wp\/v2\/types\/page"}],"author":[{"embeddable":true,"href":"https:\/\/isp22-sfe.infd.edu.ar\/sitio\/wp-json\/wp\/v2\/users\/100"}],"replies":[{"embeddable":true,"href":"https:\/\/isp22-sfe.infd.edu.ar\/sitio\/wp-json\/wp\/v2\/comments?post=958"}],"version-history":[{"count":10,"href":"https:\/\/isp22-sfe.infd.edu.ar\/sitio\/wp-json\/wp\/v2\/pages\/958\/revisions"}],"predecessor-version":[{"id":1893,"href":"https:\/\/isp22-sfe.infd.edu.ar\/sitio\/wp-json\/wp\/v2\/pages\/958\/revisions\/1893"}],"wp:attachment":[{"href":"https:\/\/isp22-sfe.infd.edu.ar\/sitio\/wp-json\/wp\/v2\/media?parent=958"}],"curies":[{"name":"wp","href":"https:\/\/api.w.org\/{rel}","templated":true}]}}