{"id":960,"date":"2018-08-31T16:26:38","date_gmt":"2018-08-31T19:26:38","guid":{"rendered":"https:\/\/isp22-sfe.infd.edu.ar\/sitio\/historia\/"},"modified":"2021-09-14T19:30:30","modified_gmt":"2021-09-14T22:30:30","slug":"historia","status":"publish","type":"page","link":"https:\/\/isp22-sfe.infd.edu.ar\/sitio\/historia\/","title":{"rendered":"Historia"},"content":{"rendered":"<p style=\"text-align: justify;\"><span style=\"font-family: verdana,geneva; font-size: 12pt;\">Por iniciativa del Profesor Julio Cesar Addad, a quien se le sumaron doce docentes dispuestos a trabajar ad honorem, en 1987 se realizaron las gestiones correspondientes ante el Ministerio de Educaci\u00f3n de Santa Fe, para la apertura de un Instituto Superior en Fray Luis Beltr\u00e1n, que comienza a funcionar dependiendo del Instituto Superior de Educaci\u00f3n T\u00e9cnica N\u00ba 18 de la ciudad de Rosario,\u00a0 con la apertura del primer a\u00f1o \u00a0del Profesorado de Matem\u00e1tica y F\u00edsica, y \u00a0del Profesorado de Ciencias Econ\u00f3micas, en las instalaciones compartidas con la escuela primaria N\u00b0 6370.<\/span><\/p>\n<p style=\"text-align: justify;\"><span style=\"font-family: verdana,geneva; font-size: 12pt;\">En 1989 se logra la independencia como Instituto Superior del Profesorado N\u00ba 22. Luego se realiza la imposici\u00f3n del nombre \u201cMaestro Addad\u201d, en homenaje a su fundador ya fallecido.\u00a0<\/span><\/p>\n<p style=\"text-align: justify;\"><span style=\"font-family: verdana,geneva; font-size: 12pt;\">Hoy se dictan las carreras de Profesorado de Educaci\u00f3n Primaria, Profesorado de Educaci\u00f3n Secundaria en Matem\u00e1tica, Profesorado de Educaci\u00f3n Secundaria en Historia, Profesorado de Educaci\u00f3n Secundaria en Administraci\u00f3n, Tecnicatura Superior en Energ\u00edas Renovables, Uso Racional y Eficiencia Energ\u00e9tica, Tecnicatura Superior en Log\u00edstica y Tecnicatura Superior en Gesti\u00f3n de las Organizaciones. <\/span><\/p>\n<p style=\"text-align: justify;\"><span style=\"font-family: verdana,geneva; font-size: 12pt;\">Es el \u00fanico establecimiento de gesti\u00f3n p\u00fablica, por lo tanto gratuito desde Rosario a Coronda y de Ca\u00f1ada de G\u00f3mez a la Banda Oriental del R\u00edo Uruguay, con la oferta acad\u00e9mica mencionada.<\/span><\/p>\n<p style=\"text-align: justify;\"><span style=\"font-family: verdana,geneva; font-size: 12pt;\">A pesar de su corta vida se a hecho acreedor de numerosos premios Provinciales y Nacionales, como reconocimiento a su excelencia acad\u00e9mica.<\/span><\/p>\n<p style=\"text-align: justify;\"><span style=\"font-family: verdana,geneva; font-size: 12pt;\">Dada su ubicaci\u00f3n geogr\u00e1fica resuelve las aspiraciones vocacionales de los j\u00f3venes residentes en una amplia zona, proporcion\u00e1ndole adem\u00e1s una salida laboral<\/span><\/p>\n<p style=\"text-align: justify;\"><span style=\"font-family: verdana,geneva; font-size: 12pt;\">Cuenta con un calificado plantel docente, siendo en su mayor\u00eda profesionales universitarios especializados, con experiencia\u00a0 importante\u00a0 como formador de formadores.<\/span><\/p>\n","protected":false},"excerpt":{"rendered":"<p>Por iniciativa del Profesor Julio Cesar Addad, a quien se le sumaron doce docentes dispuestos a trabajar ad honorem, en 1987 se realizaron las gestiones correspondientes ante el Ministerio de Educaci\u00f3n de Santa Fe, para la apertura de un Instituto Superior en Fray Luis Beltr\u00e1n, que comienza a funcionar dependiendo del Instituto Superior de Educaci\u00f3n &#8230; <a title=\"Historia\" class=\"read-more\" href=\"https:\/\/isp22-sfe.infd.edu.ar\/sitio\/historia\/\" aria-label=\"More on Historia\">[+]<\/a><\/p>\n","protected":false},"author":100,"featured_media":0,"parent":0,"menu_order":0,"comment_status":"closed","ping_status":"closed","template":"","meta":[],"acf":[],"_links":{"self":[{"href":"https:\/\/isp22-sfe.infd.edu.ar\/sitio\/wp-json\/wp\/v2\/pages\/960"}],"collection":[{"href":"https:\/\/isp22-sfe.infd.edu.ar\/sitio\/wp-json\/wp\/v2\/pages"}],"about":[{"href":"https:\/\/isp22-sfe.infd.edu.ar\/sitio\/wp-json\/wp\/v2\/types\/page"}],"author":[{"embeddable":true,"href":"https:\/\/isp22-sfe.infd.edu.ar\/sitio\/wp-json\/wp\/v2\/users\/100"}],"replies":[{"embeddable":true,"href":"https:\/\/isp22-sfe.infd.edu.ar\/sitio\/wp-json\/wp\/v2\/comments?post=960"}],"version-history":[{"count":2,"href":"https:\/\/isp22-sfe.infd.edu.ar\/sitio\/wp-json\/wp\/v2\/pages\/960\/revisions"}],"predecessor-version":[{"id":1805,"href":"https:\/\/isp22-sfe.infd.edu.ar\/sitio\/wp-json\/wp\/v2\/pages\/960\/revisions\/1805"}],"wp:attachment":[{"href":"https:\/\/isp22-sfe.infd.edu.ar\/sitio\/wp-json\/wp\/v2\/media?parent=960"}],"curies":[{"name":"wp","href":"https:\/\/api.w.org\/{rel}","templated":true}]}}