{"id":987,"date":"2018-08-31T16:26:49","date_gmt":"2018-08-31T19:26:49","guid":{"rendered":"https:\/\/isp22-sfe.infd.edu.ar\/sitio\/correlatividades-5\/"},"modified":"2018-10-19T20:57:45","modified_gmt":"2018-10-19T23:57:45","slug":"correlatividades-5","status":"publish","type":"page","link":"https:\/\/isp22-sfe.infd.edu.ar\/sitio\/correlatividades-5\/","title":{"rendered":"Correlatividades TSAE 3010\/2002"},"content":{"rendered":"<div>\n<table border=\"1\" cellspacing=\"0\" cellpadding=\"0\">\n<tbody>\n<tr>\n<td colspan=\"2\" width=\"318\">\n<p style=\"text-align: center;\"><strong><span style=\"font-family: arial,helvetica,sans-serif;\"><span style=\"font-size: 10pt;\"><span style=\"color: #333399;\">Para cursar<\/span><\/span><\/span><\/strong><\/p>\n<\/td>\n<td valign=\"top\" width=\"104\">\n<p style=\"text-align: center;\"><strong><span style=\"font-family: arial,helvetica,sans-serif;\"><span style=\"font-size: 10pt;\"><span style=\"color: #333399;\">Debe tener regularizada<\/span><\/span><\/span><\/strong><\/p>\n<\/td>\n<td valign=\"top\" width=\"104\">\n<p style=\"text-align: center;\"><strong><span style=\"font-family: arial,helvetica,sans-serif;\"><span style=\"font-size: 10pt;\"><span style=\"color: #333399;\">Debe tener aprobada<\/span><\/span><\/span><\/strong><\/p>\n<\/td>\n<\/tr>\n<tr>\n<td colspan=\"4\" valign=\"top\" width=\"526\">\n<p style=\"text-align: center;\"><strong><span style=\"font-family: arial,helvetica,sans-serif;\"><span style=\"font-size: 10pt;\"><span style=\"color: #333399;\">PRIMER A\u00d1O<\/span><\/span><\/span><\/strong><\/p>\n<\/td>\n<\/tr>\n<tr>\n<td valign=\"top\" width=\"38\">\n<p style=\"text-align: center;\"><span style=\"font-family: arial,helvetica,sans-serif;\"><span style=\"font-size: 10pt;\"><span style=\"color: #333399;\">01<\/span><\/span><\/span><\/p>\n<\/td>\n<td valign=\"top\" width=\"280\"><span style=\"font-family: arial,helvetica,sans-serif;\"><span style=\"font-size: 10pt;\"><span style=\"color: #333399;\">\u00c1lgebra<\/span><\/span><\/span><\/td>\n<td valign=\"top\" width=\"104\"><span style=\"font-family: arial,helvetica,sans-serif;\"><span style=\"font-size: 10pt;\"><span style=\"color: #333399;\">\u00a0<\/span><\/span><\/span><\/td>\n<td valign=\"top\" width=\"104\"><span style=\"font-family: arial,helvetica,sans-serif;\"><span style=\"font-size: 10pt;\"><span style=\"color: #333399;\">\u00a0<\/span><\/span><\/span><\/td>\n<\/tr>\n<tr>\n<td valign=\"top\" width=\"38\">\n<p style=\"text-align: center;\"><span style=\"font-family: arial,helvetica,sans-serif;\"><span style=\"font-size: 10pt;\"><span style=\"color: #333399;\">02<\/span><\/span><\/span><\/p>\n<\/td>\n<td valign=\"top\" width=\"280\"><span style=\"font-family: arial,helvetica,sans-serif;\"><span style=\"font-size: 10pt;\"><span style=\"color: #333399;\">Sistema de Informaci\u00f3n Contable I<\/span><\/span><\/span><\/td>\n<td valign=\"top\" width=\"104\"><span style=\"font-family: arial,helvetica,sans-serif;\"><span style=\"font-size: 10pt;\"><span style=\"color: #333399;\">\u00a0<\/span><\/span><\/span><\/td>\n<td valign=\"top\" width=\"104\"><span style=\"font-family: arial,helvetica,sans-serif;\"><span style=\"font-size: 10pt;\"><span style=\"color: #333399;\">\u00a0<\/span><\/span><\/span><\/td>\n<\/tr>\n<tr>\n<td valign=\"top\" width=\"38\">\n<p style=\"text-align: center;\"><span style=\"font-family: arial,helvetica,sans-serif;\"><span style=\"font-size: 10pt;\"><span style=\"color: #333399;\">03<\/span><\/span><\/span><\/p>\n<\/td>\n<td valign=\"top\" width=\"280\"><span style=\"font-family: arial,helvetica,sans-serif;\"><span style=\"font-size: 10pt;\"><span style=\"color: #333399;\">Teor\u00eda de las Organizaciones<\/span><\/span><\/span><\/td>\n<td valign=\"top\" width=\"104\"><span style=\"font-family: arial,helvetica,sans-serif;\"><span style=\"font-size: 10pt;\"><span style=\"color: #333399;\">\u00a0<\/span><\/span><\/span><\/td>\n<td valign=\"top\" width=\"104\"><span style=\"font-family: arial,helvetica,sans-serif;\"><span style=\"font-size: 10pt;\"><span style=\"color: #333399;\">\u00a0<\/span><\/span><\/span><\/td>\n<\/tr>\n<tr>\n<td valign=\"top\" width=\"38\">\n<p style=\"text-align: center;\"><span style=\"font-family: arial,helvetica,sans-serif;\"><span style=\"font-size: 10pt;\"><span style=\"color: #333399;\">04<\/span><\/span><\/span><\/p>\n<\/td>\n<td valign=\"top\" width=\"280\"><span style=\"font-family: arial,helvetica,sans-serif;\"><span style=\"font-size: 10pt;\"><span style=\"color: #333399;\">Introducci\u00f3n al Pensamiento Econ\u00f3mico<\/span><\/span><\/span><\/td>\n<td valign=\"top\" width=\"104\"><span style=\"font-family: arial,helvetica,sans-serif;\"><span style=\"font-size: 10pt;\"><span style=\"color: #333399;\">\u00a0<\/span><\/span><\/span><\/td>\n<td valign=\"top\" width=\"104\"><span style=\"font-family: arial,helvetica,sans-serif;\"><span style=\"font-size: 10pt;\"><span style=\"color: #333399;\">\u00a0<\/span><\/span><\/span><\/td>\n<\/tr>\n<tr>\n<td valign=\"top\" width=\"38\">\n<p style=\"text-align: center;\"><span style=\"font-family: arial,helvetica,sans-serif;\"><span style=\"font-size: 10pt;\"><span style=\"color: #333399;\">05<\/span><\/span><\/span><\/p>\n<\/td>\n<td valign=\"top\" width=\"280\"><span style=\"font-family: arial,helvetica,sans-serif;\"><span style=\"font-size: 10pt;\"><span style=\"color: #333399;\">Administraci\u00f3n de Empresas I<\/span><\/span><\/span><\/td>\n<td valign=\"top\" width=\"104\"><span style=\"font-family: arial,helvetica,sans-serif;\"><span style=\"font-size: 10pt;\"><span style=\"color: #333399;\">\u00a0<\/span><\/span><\/span><\/td>\n<td valign=\"top\" width=\"104\"><span style=\"font-family: arial,helvetica,sans-serif;\"><span style=\"font-size: 10pt;\"><span style=\"color: #333399;\">\u00a0<\/span><\/span><\/span><\/td>\n<\/tr>\n<tr>\n<td colspan=\"4\" valign=\"top\" width=\"526\">\n<p style=\"text-align: center;\"><strong><span style=\"font-family: arial,helvetica,sans-serif;\"><span style=\"font-size: 10pt;\"><span style=\"color: #333399;\">SEGUNDO A\u00d1O<\/span><\/span><\/span><\/strong><\/p>\n<\/td>\n<\/tr>\n<tr>\n<td valign=\"top\" width=\"38\">\n<p style=\"text-align: center;\"><span style=\"font-family: arial,helvetica,sans-serif;\"><span style=\"font-size: 10pt;\"><span style=\"color: #333399;\">06<\/span><\/span><\/span><\/p>\n<\/td>\n<td valign=\"top\" width=\"280\"><span style=\"font-family: arial,helvetica,sans-serif;\"><span style=\"font-size: 10pt;\"><span style=\"color: #333399;\">An\u00e1lisis Matem\u00e1tico<\/span><\/span><\/span><\/td>\n<td valign=\"top\" width=\"104\">\n<p style=\"text-align: center;\"><span style=\"font-family: arial,helvetica,sans-serif;\"><span style=\"font-size: 10pt;\"><span style=\"color: #333399;\">01<\/span><\/span><\/span><\/p>\n<\/td>\n<td valign=\"top\" width=\"104\"><span style=\"font-family: arial,helvetica,sans-serif;\"><span style=\"font-size: 10pt;\"><span style=\"color: #333399;\">\u00a0<\/span><\/span><\/span><\/td>\n<\/tr>\n<tr>\n<td valign=\"top\" width=\"38\">\n<p style=\"text-align: center;\"><span style=\"font-family: arial,helvetica,sans-serif;\"><span style=\"font-size: 10pt;\"><span style=\"color: #333399;\">07<\/span><\/span><\/span><\/p>\n<\/td>\n<td valign=\"top\" width=\"280\"><span style=\"font-family: arial,helvetica,sans-serif;\"><span style=\"font-size: 10pt;\"><span style=\"color: #333399;\">Sistema de Informaci\u00f3n Contable II<\/span><\/span><\/span><\/td>\n<td valign=\"top\" width=\"104\">\n<p style=\"text-align: center;\"><span style=\"font-family: arial,helvetica,sans-serif;\"><span style=\"font-size: 10pt;\"><span style=\"color: #333399;\">02<\/span><\/span><\/span><\/p>\n<\/td>\n<td valign=\"top\" width=\"104\"><span style=\"font-family: arial,helvetica,sans-serif;\"><span style=\"font-size: 10pt;\"><span style=\"color: #333399;\">\u00a0<\/span><\/span><\/span><\/td>\n<\/tr>\n<tr>\n<td valign=\"top\" width=\"38\">\n<p style=\"text-align: center;\"><span style=\"font-family: arial,helvetica,sans-serif;\"><span style=\"font-size: 10pt;\"><span style=\"color: #333399;\">08<\/span><\/span><\/span><\/p>\n<\/td>\n<td valign=\"top\" width=\"280\"><span style=\"font-family: arial,helvetica,sans-serif;\"><span style=\"font-size: 10pt;\"><span style=\"color: #333399;\">Sistema Econ\u00f3mico<\/span><\/span><\/span><\/td>\n<td valign=\"top\" width=\"104\">\n<p style=\"text-align: center;\"><span style=\"font-family: arial,helvetica,sans-serif;\"><span style=\"font-size: 10pt;\"><span style=\"color: #333399;\">04<\/span><\/span><\/span><\/p>\n<\/td>\n<td valign=\"top\" width=\"104\"><span style=\"font-family: arial,helvetica,sans-serif;\"><span style=\"font-size: 10pt;\"><span style=\"color: #333399;\">\u00a0<\/span><\/span><\/span><\/td>\n<\/tr>\n<tr>\n<td valign=\"top\" width=\"38\">\n<p style=\"text-align: center;\"><span style=\"font-family: arial,helvetica,sans-serif;\"><span style=\"font-size: 10pt;\"><span style=\"color: #333399;\">09<\/span><\/span><\/span><\/p>\n<\/td>\n<td valign=\"top\" width=\"280\"><span style=\"font-family: arial,helvetica,sans-serif;\"><span style=\"font-size: 10pt;\"><span style=\"color: #333399;\">Derecho Privado \u2013 Derecho P\u00fablico<\/span><\/span><\/span><\/td>\n<td valign=\"top\" width=\"104\"><span style=\"font-family: arial,helvetica,sans-serif;\"><span style=\"font-size: 10pt;\"><span style=\"color: #333399;\">\u00a0<\/span><\/span><\/span><\/td>\n<td valign=\"top\" width=\"104\"><span style=\"font-family: arial,helvetica,sans-serif;\"><span style=\"font-size: 10pt;\"><span style=\"color: #333399;\">\u00a0<\/span><\/span><\/span><\/td>\n<\/tr>\n<tr>\n<td valign=\"top\" width=\"38\">\n<p style=\"text-align: center;\"><span style=\"font-family: arial,helvetica,sans-serif;\"><span style=\"font-size: 10pt;\"><span style=\"color: #333399;\">10<\/span><\/span><\/span><\/p>\n<\/td>\n<td valign=\"top\" width=\"280\"><span style=\"font-family: arial,helvetica,sans-serif;\"><span style=\"font-size: 10pt;\"><span style=\"color: #333399;\">Administraci\u00f3n de Empresas II<\/span><\/span><\/span><\/td>\n<td valign=\"top\" width=\"104\">\n<p style=\"text-align: center;\"><span style=\"font-family: arial,helvetica,sans-serif;\"><span style=\"font-size: 10pt;\"><span style=\"color: #333399;\">03 y 05<\/span><\/span><\/span><\/p>\n<\/td>\n<td valign=\"top\" width=\"104\"><span style=\"font-family: arial,helvetica,sans-serif;\"><span style=\"font-size: 10pt;\"><span style=\"color: #333399;\">\u00a0<\/span><\/span><\/span><\/td>\n<\/tr>\n<tr>\n<td valign=\"top\" width=\"38\">\n<p style=\"text-align: center;\"><span style=\"font-family: arial,helvetica,sans-serif;\"><span style=\"font-size: 10pt;\"><span style=\"color: #333399;\">11<\/span><\/span><\/span><\/p>\n<\/td>\n<td valign=\"top\" width=\"280\"><span style=\"font-family: arial,helvetica,sans-serif;\"><span style=\"font-size: 10pt;\"><span style=\"color: #333399;\">Ingl\u00e9s T\u00e9cnico<\/span><\/span><\/span><\/td>\n<td valign=\"top\" width=\"104\"><span style=\"font-family: arial,helvetica,sans-serif;\"><span style=\"font-size: 10pt;\"><span style=\"color: #333399;\">\u00a0<\/span><\/span><\/span><\/td>\n<td valign=\"top\" width=\"104\"><span style=\"font-family: arial,helvetica,sans-serif;\"><span style=\"font-size: 10pt;\"><span style=\"color: #333399;\">\u00a0<\/span><\/span><\/span><\/td>\n<\/tr>\n<tr>\n<td valign=\"top\" width=\"38\">\n<p style=\"text-align: center;\"><span style=\"font-family: arial,helvetica,sans-serif;\"><span style=\"font-size: 10pt;\"><span style=\"color: #333399;\">12<\/span><\/span><\/span><\/p>\n<\/td>\n<td valign=\"top\" width=\"280\"><span style=\"font-family: arial,helvetica,sans-serif;\"><span style=\"font-size: 10pt;\"><span style=\"color: #333399;\">Procesamiento de Datos<\/span><\/span><\/span><\/td>\n<td valign=\"top\" width=\"104\"><span style=\"font-family: arial,helvetica,sans-serif;\"><span style=\"font-size: 10pt;\"><span style=\"color: #333399;\">\u00a0<\/span><\/span><\/span><\/td>\n<td valign=\"top\" width=\"104\"><span style=\"font-family: arial,helvetica,sans-serif;\"><span style=\"font-size: 10pt;\"><span style=\"color: #333399;\">\u00a0<\/span><\/span><\/span><\/td>\n<\/tr>\n<tr>\n<td colspan=\"4\" valign=\"top\" width=\"526\">\n<p style=\"text-align: center;\"><strong><span style=\"font-family: arial,helvetica,sans-serif;\"><span style=\"font-size: 10pt;\"><span style=\"color: #333399;\">TERCER A\u00d1O<\/span><\/span><\/span><\/strong><\/p>\n<\/td>\n<\/tr>\n<tr>\n<td valign=\"top\" width=\"38\">\n<p style=\"text-align: center;\"><span style=\"font-family: arial,helvetica,sans-serif;\"><span style=\"font-size: 10pt;\"><span style=\"color: #333399;\">13<\/span><\/span><\/span><\/p>\n<\/td>\n<td valign=\"top\" width=\"280\"><span style=\"font-family: arial,helvetica,sans-serif;\"><span style=\"font-size: 10pt;\"><span style=\"color: #333399;\">Estad\u00edstica y T\u00e9cnicas Cuantitativas Aplicadas<\/span><\/span><\/span><\/td>\n<td valign=\"top\" width=\"104\">\n<p style=\"text-align: center;\"><span style=\"font-family: arial,helvetica,sans-serif;\"><span style=\"font-size: 10pt;\"><span style=\"color: #333399;\">06<\/span><\/span><\/span><\/p>\n<\/td>\n<td valign=\"top\" width=\"104\">\n<p style=\"text-align: center;\"><span style=\"font-family: arial,helvetica,sans-serif;\"><span style=\"font-size: 10pt;\"><span style=\"color: #333399;\">01<\/span><\/span><\/span><\/p>\n<\/td>\n<\/tr>\n<tr>\n<td valign=\"top\" width=\"38\">\n<p style=\"text-align: center;\"><span style=\"font-family: arial,helvetica,sans-serif;\"><span style=\"font-size: 10pt;\"><span style=\"color: #333399;\">14<\/span><\/span><\/span><\/p>\n<\/td>\n<td valign=\"top\" width=\"280\"><span style=\"font-family: arial,helvetica,sans-serif;\"><span style=\"font-size: 10pt;\"><span style=\"color: #333399;\">Sistema de Informaci\u00f3n Contable III<\/span><\/span><\/span><\/td>\n<td valign=\"top\" width=\"104\">\n<p style=\"text-align: center;\"><span style=\"font-family: arial,helvetica,sans-serif;\"><span style=\"font-size: 10pt;\"><span style=\"color: #333399;\">07<\/span><\/span><\/span><\/p>\n<\/td>\n<td valign=\"top\" width=\"104\">\n<p style=\"text-align: center;\"><span style=\"font-family: arial,helvetica,sans-serif;\"><span style=\"font-size: 10pt;\"><span style=\"color: #333399;\">02<\/span><\/span><\/span><\/p>\n<\/td>\n<\/tr>\n<tr>\n<td valign=\"top\" width=\"38\">\n<p style=\"text-align: center;\"><span style=\"font-family: arial,helvetica,sans-serif;\"><span style=\"font-size: 10pt;\"><span style=\"color: #333399;\">15<\/span><\/span><\/span><\/p>\n<\/td>\n<td valign=\"top\" width=\"280\"><span style=\"font-family: arial,helvetica,sans-serif;\"><span style=\"font-size: 10pt;\"><span style=\"color: #333399;\">Administraci\u00f3n Financiera y Bancaria \u2013 R\u00e9gimen Tributario<\/span><\/span><\/span><\/td>\n<td valign=\"top\" width=\"104\">\n<p style=\"text-align: center;\"><span style=\"font-family: arial,helvetica,sans-serif;\"><span style=\"font-size: 10pt;\"><span style=\"color: #333399;\">06 y 07<\/span><\/span><\/span><\/p>\n<\/td>\n<td valign=\"top\" width=\"104\">\n<p style=\"text-align: center;\"><span style=\"font-family: arial,helvetica,sans-serif;\"><span style=\"font-size: 10pt;\"><span style=\"color: #333399;\">01 y 02<\/span><\/span><\/span><\/p>\n<\/td>\n<\/tr>\n<tr>\n<td valign=\"top\" width=\"38\">\n<p style=\"text-align: center;\"><span style=\"font-family: arial,helvetica,sans-serif;\"><span style=\"font-size: 10pt;\"><span style=\"color: #333399;\">16<\/span><\/span><\/span><\/p>\n<\/td>\n<td valign=\"top\" width=\"280\"><span style=\"font-family: arial,helvetica,sans-serif;\"><span style=\"font-size: 10pt;\"><span style=\"color: #333399;\">Filosof\u00eda<\/span><\/span><\/span><\/td>\n<td valign=\"top\" width=\"104\"><span style=\"font-family: arial,helvetica,sans-serif;\"><span style=\"font-size: 10pt;\"><span style=\"color: #333399;\">\u00a0<\/span><\/span><\/span><\/td>\n<td valign=\"top\" width=\"104\"><span style=\"font-family: arial,helvetica,sans-serif;\"><span style=\"font-size: 10pt;\"><span style=\"color: #333399;\">\u00a0<\/span><\/span><\/span><\/td>\n<\/tr>\n<tr>\n<td valign=\"top\" width=\"38\">\n<p style=\"text-align: center;\"><span style=\"font-family: arial,helvetica,sans-serif;\"><span style=\"font-size: 10pt;\"><span style=\"color: #333399;\">17<\/span><\/span><\/span><\/p>\n<\/td>\n<td valign=\"top\" width=\"280\"><span style=\"font-family: arial,helvetica,sans-serif;\"><span style=\"font-size: 10pt;\"><span style=\"color: #333399;\">Administraci\u00f3n de Empresas III<\/span><\/span><\/span><\/td>\n<td valign=\"top\" width=\"104\">\n<p style=\"text-align: center;\"><span style=\"font-family: arial,helvetica,sans-serif;\"><span style=\"font-size: 10pt;\"><span style=\"color: #333399;\">10<\/span><\/span><\/span><\/p>\n<\/td>\n<td valign=\"top\" width=\"104\">\n<p style=\"text-align: center;\"><span style=\"font-family: arial,helvetica,sans-serif;\"><span style=\"font-size: 10pt;\"><span style=\"color: #333399;\">05<\/span><\/span><\/span><\/p>\n<\/td>\n<\/tr>\n<tr>\n<td valign=\"top\" width=\"38\">\n<p style=\"text-align: center;\"><span style=\"font-family: arial,helvetica,sans-serif;\"><span style=\"font-size: 10pt;\"><span style=\"color: #333399;\">18<\/span><\/span><\/span><\/p>\n<\/td>\n<td valign=\"top\" width=\"280\"><span style=\"font-family: arial,helvetica,sans-serif;\"><span style=\"font-size: 10pt;\"><span style=\"color: #333399;\">Marketing Estrat\u00e9gico<\/span><\/span><\/span><\/td>\n<td valign=\"top\" width=\"104\">\n<p style=\"text-align: center;\"><span style=\"font-family: arial,helvetica,sans-serif;\"><span style=\"font-size: 10pt;\"><span style=\"color: #333399;\">10<\/span><\/span><\/span><\/p>\n<\/td>\n<td valign=\"top\" width=\"104\">\n<p style=\"text-align: center;\"><span style=\"font-family: arial,helvetica,sans-serif;\"><span style=\"font-size: 10pt;\"><span style=\"color: #333399;\">05<\/span><\/span><\/span><\/p>\n<\/td>\n<\/tr>\n<tr>\n<td colspan=\"4\" valign=\"top\" width=\"526\">\n<p style=\"text-align: center;\"><strong><span style=\"font-family: arial,helvetica,sans-serif;\"><span style=\"font-size: 10pt;\"><span style=\"color: #333399;\">CUARTO A\u00d1O<\/span><\/span><\/span><\/strong><\/p>\n<\/td>\n<\/tr>\n<tr>\n<td valign=\"top\" width=\"38\">\n<p style=\"text-align: center;\"><span style=\"font-family: arial,helvetica,sans-serif;\"><span style=\"font-size: 10pt;\"><span style=\"color: #333399;\">19<\/span><\/span><\/span><\/p>\n<\/td>\n<td valign=\"top\" width=\"280\"><span style=\"font-family: arial,helvetica,sans-serif;\"><span style=\"font-size: 10pt;\"><span style=\"color: #333399;\">Pr\u00e1ctica y \u00c9tica Profesional<\/span><\/span><\/span><\/td>\n<td valign=\"top\" width=\"104\">\n<p style=\"text-align: center;\"><span style=\"font-family: arial,helvetica,sans-serif;\"><span style=\"font-size: 10pt;\"><span style=\"color: #333399;\">10, 11 y 12<\/span><\/span><\/span><\/p>\n<\/td>\n<td valign=\"top\" width=\"104\">\n<p style=\"text-align: center;\"><span style=\"font-family: arial,helvetica,sans-serif;\"><span style=\"font-size: 10pt;\"><span style=\"color: #333399;\">05<\/span><\/span><\/span><\/p>\n<\/td>\n<\/tr>\n<\/tbody>\n<\/table>\n<\/div>\n","protected":false},"excerpt":{"rendered":"<p>Para cursar Debe tener regularizada Debe tener aprobada PRIMER A\u00d1O 01 \u00c1lgebra \u00a0 \u00a0 02 Sistema de Informaci\u00f3n Contable I \u00a0 \u00a0 03 Teor\u00eda de las Organizaciones \u00a0 \u00a0 04 Introducci\u00f3n al Pensamiento Econ\u00f3mico \u00a0 \u00a0 05 Administraci\u00f3n de Empresas I \u00a0 \u00a0 SEGUNDO A\u00d1O 06 An\u00e1lisis Matem\u00e1tico 01 \u00a0 07 Sistema de Informaci\u00f3n Contable &#8230; <a title=\"Correlatividades TSAE 3010\/2002\" class=\"read-more\" href=\"https:\/\/isp22-sfe.infd.edu.ar\/sitio\/correlatividades-5\/\" aria-label=\"More on Correlatividades TSAE 3010\/2002\">[+]<\/a><\/p>\n","protected":false},"author":100,"featured_media":0,"parent":0,"menu_order":0,"comment_status":"closed","ping_status":"closed","template":"","meta":[],"acf":[],"_links":{"self":[{"href":"https:\/\/isp22-sfe.infd.edu.ar\/sitio\/wp-json\/wp\/v2\/pages\/987"}],"collection":[{"href":"https:\/\/isp22-sfe.infd.edu.ar\/sitio\/wp-json\/wp\/v2\/pages"}],"about":[{"href":"https:\/\/isp22-sfe.infd.edu.ar\/sitio\/wp-json\/wp\/v2\/types\/page"}],"author":[{"embeddable":true,"href":"https:\/\/isp22-sfe.infd.edu.ar\/sitio\/wp-json\/wp\/v2\/users\/100"}],"replies":[{"embeddable":true,"href":"https:\/\/isp22-sfe.infd.edu.ar\/sitio\/wp-json\/wp\/v2\/comments?post=987"}],"version-history":[{"count":3,"href":"https:\/\/isp22-sfe.infd.edu.ar\/sitio\/wp-json\/wp\/v2\/pages\/987\/revisions"}],"predecessor-version":[{"id":1210,"href":"https:\/\/isp22-sfe.infd.edu.ar\/sitio\/wp-json\/wp\/v2\/pages\/987\/revisions\/1210"}],"wp:attachment":[{"href":"https:\/\/isp22-sfe.infd.edu.ar\/sitio\/wp-json\/wp\/v2\/media?parent=987"}],"curies":[{"name":"wp","href":"https:\/\/api.w.org\/{rel}","templated":true}]}}